{"id":1212,"date":"2024-03-08T18:38:56","date_gmt":"2024-03-08T17:38:56","guid":{"rendered":"https:\/\/www.well-plus.io\/?page_id=1212"},"modified":"2026-02-10T12:27:08","modified_gmt":"2026-02-10T07:27:08","slug":"nutzung","status":"publish","type":"page","link":"https:\/\/www.well-plus.de\/tr\/nutzung\/","title":{"rendered":"Kullan\u0131m Talimatlar\u0131"},"content":{"rendered":"<div data-elementor-type=\"wp-page\" data-elementor-id=\"1212\" class=\"elementor elementor-1212\" data-elementor-post-type=\"page\">\n\t\t\t\t<div class=\"elementor-element elementor-element-a63e736 e-flex e-con-boxed e-con e-parent\" data-id=\"a63e736\" data-element_type=\"container\" data-e-type=\"container\">\n\t\t\t\t\t<div class=\"e-con-inner\">\n\t\t<div class=\"elementor-element elementor-element-d2a847f e-flex e-con-boxed e-con e-child\" data-id=\"d2a847f\" data-element_type=\"container\" data-e-type=\"container\">\n\t\t\t\t\t<div class=\"e-con-inner\">\n\t\t\t\t<div class=\"elementor-element elementor-element-2e2a058 elementor-widget elementor-widget-heading\" data-id=\"2e2a058\" data-element_type=\"widget\" data-e-type=\"widget\" data-widget_type=\"heading.default\">\n\t\t\t\t<div class=\"elementor-widget-container\">\n\t\t\t\t\t<h6 class=\"elementor-heading-title elementor-size-default\">Kullan\u0131m Talimatlar\u0131<\/h6>\t\t\t\t<\/div>\n\t\t\t\t<\/div>\n\t\t\t\t<div class=\"elementor-element elementor-element-4a3aea3 elementor-widget elementor-widget-text-editor\" data-id=\"4a3aea3\" data-element_type=\"widget\" data-e-type=\"widget\" data-widget_type=\"text-editor.default\">\n\t\t\t\t<div class=\"elementor-widget-container\">\n\t\t\t\t\t\t\t\t\t<p>Kullan\u0131m ko\u015fullar\u0131 en son 31 Ocak 2023 tarihinde g\u00fcncellenmi\u015ftir.<\/p><p>1. Giri\u015f<\/p><p>Bu kullan\u0131m ko\u015fullar\u0131, bu web sitesi ve \u00fcr\u00fcnlerimiz ve hizmetlerimizle ilgili i\u015flemler i\u00e7in ge\u00e7erlidir. Bizimle olan ili\u015fkinizle veya bizden ald\u0131\u011f\u0131n\u0131z \u00fcr\u00fcn veya hizmetlerle ilgili ek anla\u015fmalara ba\u011fl\u0131 olabilirsiniz. Ek s\u00f6zle\u015fmelerin h\u00fck\u00fcmlerinin bu \u015eartlar\u0131n h\u00fck\u00fcmleriyle \u00e7eli\u015fmesi halinde, s\u00f6z konusu ek s\u00f6zle\u015fmelerin h\u00fck\u00fcmleri ge\u00e7erli olacakt\u0131r.<\/p><p>2. Sorumluluk<\/p><p>Bu web sitesine kaydolarak, eri\u015ferek veya ba\u015fka bir \u015fekilde kullanarak, a\u015fa\u011f\u0131da belirtilen kullan\u0131m ko\u015fullar\u0131na tabi olmay\u0131 kabul etmi\u015f olursunuz. Bu web sitesinin sadece kullan\u0131m\u0131 bile bu kullan\u0131m ko\u015fullar\u0131n\u0131n bilindi\u011fi ve kabul edildi\u011fi anlam\u0131na gelir. Baz\u0131 durumlarda, sizden a\u00e7\u0131k\u00e7a kabul etmenizi de isteyebiliriz.<\/p><p>3. elektronik ileti\u015fim<\/p><p>Bu web sitesini kullanarak veya bizimle elektronik olarak ileti\u015fim kurarak, sizinle web sitemiz \u00fczerinden elektronik olarak ileti\u015fim kurabilece\u011fimizi veya size e-posta g\u00f6nderebilece\u011fimizi ve size elektronik olarak g\u00f6nderdi\u011fimiz t\u00fcm s\u00f6zle\u015fmelerin, bildirimlerin, a\u00e7\u0131klamalar\u0131n ve di\u011fer ileti\u015fimlerin her t\u00fcrl\u00fc yasal gereklili\u011fi kar\u015f\u0131lad\u0131\u011f\u0131n\u0131 kabul ve beyan edersiniz. Bu t\u00fcr ileti\u015fimlerin yaz\u0131l\u0131 olmas\u0131 gereklili\u011fi de buna dahildir, ancak bununla s\u0131n\u0131rl\u0131 de\u011fildir.<\/p><p>4 Fikri m\u00fclkiyet<\/p><p>Biz veya lisans verenlerimiz, Web Sitesindeki ve Web Sitesinde g\u00f6r\u00fcnt\u00fclenen veya eri\u015filebilen veriler, bilgiler ve di\u011fer kaynaklardaki t\u00fcm telif hakk\u0131 ve di\u011fer fikri m\u00fclkiyet haklar\u0131na sahibiz ve bunlar\u0131 kontrol ediyoruz.<\/p><p>4.1 T\u00fcm haklar\u0131 sakl\u0131d\u0131r<\/p><p>Belirli bir i\u00e7erik aksini belirtmedik\u00e7e, telif hakk\u0131, ticari marka, patent veya di\u011fer fikri m\u00fclkiyet haklar\u0131 kapsam\u0131nda size hi\u00e7bir lisans veya ba\u015fka bir hak verilmemektedir.  Bu, zorunlu yasa h\u00fck\u00fcmlerinde aksi belirtilmedik\u00e7e (al\u0131nt\u0131 yapma hakk\u0131 gibi) \u00f6nceden yaz\u0131l\u0131 iznimiz olmadan bu web sitesindeki hi\u00e7bir kayna\u011f\u0131 kullanmayaca\u011f\u0131n\u0131z, kopyalamayaca\u011f\u0131n\u0131z, \u00e7o\u011faltmayaca\u011f\u0131n\u0131z, icra etmeyece\u011finiz, g\u00f6r\u00fcnt\u00fclemeyece\u011finiz, da\u011f\u0131tmayaca\u011f\u0131n\u0131z, herhangi bir elektronik ortama yerle\u015ftirmeyece\u011finiz, de\u011fi\u015ftirmeyece\u011finiz, tersine m\u00fchendislik yapmayaca\u011f\u0131n\u0131z, kaynak koda d\u00f6n\u00fc\u015ft\u00fcrmeyece\u011finiz, iletmeyece\u011finiz, indirmeyece\u011finiz, aktarmayaca\u011f\u0131n\u0131z, para kazanmayaca\u011f\u0131n\u0131z, satmayaca\u011f\u0131n\u0131z, pazarlamayaca\u011f\u0131n\u0131z veya ticarile\u015ftirmeyece\u011finiz anlam\u0131na gelir.<\/p><p>5. B\u00fclten<\/p><p>Yukar\u0131dakilere bak\u0131lmaks\u0131z\u0131n, b\u00fcltenimizi elektronik ortamda web sitemizi ziyaret etmekle ilgilenebilecek di\u011fer ki\u015filere iletebilirsiniz.<\/p><p>6. \u00fc\u00e7\u00fcnc\u00fc taraf m\u00fclk\u00fc<\/p><p>Web sitemiz di\u011fer taraflar\u0131n web sitelerine k\u00f6pr\u00fcler veya di\u011fer referanslar i\u00e7erebilir. Bu web sitesinden ba\u011flant\u0131 verilen di\u011fer taraflar\u0131n web sitelerinin i\u00e7eri\u011fini izlemiyoruz veya incelemiyoruz. Di\u011fer web siteleri taraf\u0131ndan sunulan \u00fcr\u00fcn veya hizmetler, s\u00f6z konusu \u00fc\u00e7\u00fcnc\u00fc taraflar\u0131n kullan\u0131m ko\u015fullar\u0131na tabidir. Bu web sitelerinde ifade edilen herhangi bir g\u00f6r\u00fc\u015f veya materyali payla\u015fmam\u0131z veya onaylamam\u0131z gerekmez.<\/p><p>Bu web sitelerinin gizlilik uygulamalar\u0131ndan veya i\u00e7eriklerinden sorumlu de\u011filiz. Bu web sitelerinin ve ilgili \u00fc\u00e7\u00fcnc\u00fc taraf hizmetlerinin kullan\u0131m\u0131yla ilgili t\u00fcm riskler size aittir. Ki\u015fisel verilerinizi \u00fc\u00e7\u00fcnc\u00fc taraflara if\u015fa etmenizden kaynaklanan herhangi bir kay\u0131p veya hasar i\u00e7in hi\u00e7bir sorumluluk kabul etmiyoruz.<\/p><p>7. sorumlu elle\u00e7leme<\/p><p>Web sitemizi ziyaret ederek, yaln\u0131zca bu Ko\u015fullar, bizimle yap\u0131lan ek anla\u015fmalar ve ge\u00e7erli yasalar, y\u00f6netmelikler ve genel kabul g\u00f6rm\u00fc\u015f \u00e7evrimi\u00e7i uygulamalar ve sekt\u00f6r y\u00f6nergeleri taraf\u0131ndan ama\u00e7lanan ve izin verilen ama\u00e7lar i\u00e7in kullanmay\u0131 kabul edersiniz. Web sitemizi veya hizmetlerimizi, k\u00f6t\u00fc ama\u00e7l\u0131 bilgisayar yaz\u0131l\u0131mlar\u0131 i\u00e7eren (veya bunlarla ba\u011flant\u0131l\u0131 olan) materyalleri kullanmak, yay\u0131nlamak veya da\u011f\u0131tmak i\u00e7in kullanmamal\u0131s\u0131n\u0131z. Web sitemizde toplanan verileri do\u011frudan pazarlama faaliyetleri i\u00e7in kullanmak veya web sitemizde veya web sitemizle ilgili olarak herhangi bir sistematik veya otomatik veri toplama faaliyeti y\u00fcr\u00fctmek.<\/p><p>Web sitesine zarar veren veya verebilecek olan veya web sitesinin performans\u0131n\u0131, kullan\u0131labilirli\u011fini veya eri\u015filebilirli\u011fini bozan faaliyetlere kat\u0131l\u0131m kesinlikle yasakt\u0131r.<\/p><p>8. Fikirlerin sunulmas\u0131<\/p><p>Daha \u00f6nce bir fikri m\u00fclkiyet s\u00f6zle\u015fmesi veya gizlilik s\u00f6zle\u015fmesi imzalamad\u0131\u011f\u0131m\u0131z s\u00fcrece, bize sunmak istedi\u011finiz kendi fikri m\u00fclkiyetiniz olarak kabul edilebilecek herhangi bir fikir, icat, yazarl\u0131k eseri veya di\u011fer bilgileri g\u00f6ndermeyin. Bu t\u00fcr bir yaz\u0131l\u0131 anla\u015fma olmadan bunu bize sunarsan\u0131z, i\u00e7eri\u011finizi mevcut veya gelecekteki herhangi bir ortamda kullanmak, \u00e7o\u011faltmak, saklamak, uyarlamak, yay\u0131nlamak, terc\u00fcme etmek ve da\u011f\u0131tmak i\u00e7in bize d\u00fcnya \u00e7ap\u0131nda, geri al\u0131namaz, m\u00fcnhas\u0131r olmayan, telifsiz bir lisans vermi\u015f olursunuz.<\/p><p>9. kullan\u0131m\u0131n sona ermesi<\/p><p>Tamamen kendi takdirimize ba\u011fl\u0131 olarak, Web Sitesine veya Web Sitesindeki herhangi bir hizmete eri\u015fimi herhangi bir zamanda ge\u00e7ici veya kal\u0131c\u0131 olarak de\u011fi\u015ftirebilir veya durdurabiliriz. Web Sitesine veya Web Sitesinde payla\u015fm\u0131\u015f olabilece\u011finiz herhangi bir i\u00e7eri\u011fe eri\u015fiminizin veya kullan\u0131m\u0131n\u0131z\u0131n bu \u015fekilde de\u011fi\u015ftirilmesi, ask\u0131ya al\u0131nmas\u0131 veya durdurulmas\u0131ndan dolay\u0131 size veya herhangi bir \u00fc\u00e7\u00fcnc\u00fc tarafa kar\u015f\u0131 sorumlu olmayaca\u011f\u0131m\u0131z\u0131 kabul edersiniz. Katk\u0131da bulundu\u011funuz veya g\u00fcvendi\u011finiz belirli \u00f6zellikler, ayarlar ve\/veya i\u00e7erik kal\u0131c\u0131 olarak kaybolsa bile herhangi bir tazminat veya ba\u015fka bir \u00f6deme alma hakk\u0131n\u0131z olmayacakt\u0131r. Web sitemizdeki herhangi bir eri\u015fim k\u0131s\u0131tlama \u00f6nlemini atlatamaz veya atlatmaya \u00e7al\u0131\u015famazs\u0131n\u0131z.<\/p><p>10 Garantiler ve y\u00fck\u00fcml\u00fcl\u00fckler<\/p><p>Bu b\u00f6l\u00fcmde yer alan hi\u00e7bir husus, kanunen s\u0131n\u0131rland\u0131r\u0131lmas\u0131 veya hari\u00e7 tutulmas\u0131 hukuka ayk\u0131r\u0131 olan herhangi bir garantiyi s\u0131n\u0131rland\u0131rmayacak veya hari\u00e7 tutmayacakt\u0131r. Bu web sitesi ve web sitesindeki t\u00fcm i\u00e7erik \"oldu\u011fu gibi\" ve \"mevcut oldu\u011fu \u015fekilde\" sa\u011flanmaktad\u0131r ve yanl\u0131\u015fl\u0131klar veya yaz\u0131m hatalar\u0131 i\u00e7erebilir. \u0130\u00e7eri\u011fin kullan\u0131labilirli\u011fi, do\u011frulu\u011fu veya eksiksizli\u011fi ile ilgili her t\u00fcrl\u00fc a\u00e7\u0131k veya z\u0131mni garantiyi a\u00e7\u0131k\u00e7a reddederiz. \u015eu konularda hi\u00e7bir garanti vermiyoruz:<\/p><p>Bu web sitesi veya i\u00e7eri\u011fimiz ihtiya\u00e7lar\u0131n\u0131z\u0131 kar\u015f\u0131layacakt\u0131r.<br \/>Bu web sitesi kesintisiz, zaman\u0131nda, g\u00fcvenli veya hatas\u0131z olacakt\u0131r.<\/p><p>Bu web sitesinde yer alan hi\u00e7bir \u015fey hukuki, mali veya t\u0131bbi tavsiye niteli\u011fi ta\u015f\u0131maz veya ta\u015f\u0131mas\u0131 ama\u00e7lanmam\u0131\u015ft\u0131r. Tavsiyeye ihtiyac\u0131n\u0131z varsa, uygun bir uzmana dan\u0131\u015fmal\u0131s\u0131n\u0131z.<\/p><p>Bu b\u00f6l\u00fcm\u00fcn a\u015fa\u011f\u0131daki h\u00fck\u00fcmleri yasalar\u0131n izin verdi\u011fi azami \u00f6l\u00e7\u00fcde ge\u00e7erlidir ve sorumlulu\u011fumuzu s\u0131n\u0131rland\u0131rmam\u0131z\u0131n veya hari\u00e7 tutmam\u0131z\u0131n yasad\u0131\u015f\u0131 veya hukuka ayk\u0131r\u0131 olaca\u011f\u0131 herhangi bir konuyla ilgili sorumlulu\u011fumuzu s\u0131n\u0131rland\u0131rmaz veya hari\u00e7 tutmaz. Hi\u00e7bir durumda, web sitemize eri\u015fiminiz veya web sitemizi kullan\u0131m\u0131n\u0131zdan kaynaklanan sizin veya herhangi bir \u00fc\u00e7\u00fcnc\u00fc taraf\u0131n maruz kald\u0131\u011f\u0131 do\u011frudan veya dolayl\u0131 zararlardan (kar veya gelir kayb\u0131, veri, yaz\u0131l\u0131m veya veri taban\u0131 kayb\u0131 veya hasar\u0131 veya m\u00fclk veya veri kayb\u0131 veya hasar\u0131 dahil) sorumlu olmayaca\u011f\u0131z.<\/p><p>Ek bir s\u00f6zle\u015fmede aksi a\u00e7\u0131k\u00e7a belirtilmedik\u00e7e, Site veya Site arac\u0131l\u0131\u011f\u0131yla pazarlanan veya sat\u0131lan herhangi bir \u00fcr\u00fcn ve hizmetten kaynaklanan veya bunlarla ilgili t\u00fcm zararlar i\u00e7in size kar\u015f\u0131 azami sorumlulu\u011fumuz, sorumluluk y\u00fckleyen yasal i\u015flem bi\u00e7imine bak\u0131lmaks\u0131z\u0131n (s\u00f6zle\u015fme, hakkaniyet, ihmal, kas\u0131tl\u0131 suistimal, haks\u0131z fiil veya ba\u015fka bir \u015fekilde), s\u00f6z konusu \u00fcr\u00fcnleri veya hizmetleri sat\u0131n almak veya Siteyi kullanmak i\u00e7in bize \u00f6dedi\u011finiz toplam fiyatla s\u0131n\u0131rl\u0131 olacakt\u0131r. Bu s\u0131n\u0131rlama, her t\u00fcr ve nitelikteki t\u00fcm talepleriniz, eylemleriniz ve dava nedenleriniz i\u00e7in toplu olarak ge\u00e7erlidir.<\/p><p>11. Gizlilik<\/p><p>Web sitemize ve\/veya hizmetlerimize eri\u015fmek i\u00e7in, kay\u0131t s\u00fcrecinin bir par\u00e7as\u0131 olarak kendiniz hakk\u0131nda belirli bilgiler vermeniz gerekebilir. Sa\u011flad\u0131\u011f\u0131n\u0131z t\u00fcm bilgilerin her zaman do\u011fru, kesin ve g\u00fcncel olaca\u011f\u0131n\u0131 kabul edersiniz.<\/p><p>Gizlilikle ilgili endi\u015felerinizi gidermek i\u00e7in bir politika geli\u015ftirdik. Gizlilik politikam\u0131zda ve \u00e7erez politikam\u0131zda daha fazla bilgi bulabilirsiniz.<\/p><p>12. ihracat k\u0131s\u0131tlamalar\u0131 \/ yasalara uygunluk<\/p><p>Web Sitesine, Web Sitesinde sat\u0131lan \u00fcr\u00fcn veya hizmetlerin i\u00e7eri\u011finin veya sat\u0131n al\u0131nmas\u0131n\u0131n yasa d\u0131\u015f\u0131 oldu\u011fu b\u00f6lgelerden veya \u00fclkelerden eri\u015fim yasakt\u0131r. Bu web sitesini Almanya'n\u0131n ihracat yasa ve y\u00f6netmeliklerini ihlal edecek \u015fekilde kullanamazs\u0131n\u0131z.<\/p><p>13. ortaklik pazarlamasi<\/p><p>Bu web sitesi arac\u0131l\u0131\u011f\u0131yla, bu web sitesinde veya bu web sitesi arac\u0131l\u0131\u011f\u0131yla hizmetlerin veya \u00fcr\u00fcnlerin sat\u0131\u015f\u0131 i\u00e7in bir y\u00fczde veya komisyon ald\u0131\u011f\u0131m\u0131z ba\u011fl\u0131 kurulu\u015f pazarlamas\u0131 yapabiliriz. Ayr\u0131ca \u015firketlerden sponsorluk veya di\u011fer reklam tazminat\u0131 t\u00fcrlerini de kabul edebiliriz. Bu a\u00e7\u0131klama, ABD Federal Ticaret Komisyonu kurallar\u0131 gibi ge\u00e7erli olabilecek pazarlama ve reklamc\u0131l\u0131kla ilgili yasal gerekliliklere uymay\u0131 ama\u00e7lamaktad\u0131r.<\/p><p>14. Tahsis<\/p><p>\u00d6nceden yaz\u0131l\u0131 iznimiz olmadan bu H\u00fck\u00fcm ve Ko\u015fullar kapsam\u0131ndaki hak ve\/veya y\u00fck\u00fcml\u00fcl\u00fcklerinizi k\u0131smen veya tamamen herhangi bir \u00fc\u00e7\u00fcnc\u00fc tarafa devredemez, aktaramaz veya alt s\u00f6zle\u015fme yapamazs\u0131n\u0131z. Bu b\u00f6l\u00fcm\u00fc ihlal eden herhangi bir s\u00f6zde devir ge\u00e7ersiz ve h\u00fck\u00fcms\u00fcz olacakt\u0131r.<\/p><p>15. kullan\u0131m ko\u015fullar\u0131n\u0131n ihlal edilmesi<\/p><p>Bu Kabul Edilebilir Kullan\u0131m Politikas\u0131 kapsam\u0131ndaki di\u011fer haklar\u0131m\u0131za bak\u0131lmaks\u0131z\u0131n, bu Kabul Edilebilir Kullan\u0131m Politikas\u0131n\u0131 herhangi bir \u015fekilde ihlal ederseniz, Web Sitesine eri\u015fiminizi ge\u00e7ici veya kal\u0131c\u0131 olarak ask\u0131ya almak ve Web Sitesine eri\u015fiminizi engellemelerini ve\/veya size kar\u015f\u0131 yasal i\u015flem ba\u015flatmalar\u0131n\u0131 talep etmek i\u00e7in internet servis sa\u011flay\u0131c\u0131n\u0131zla ileti\u015fime ge\u00e7mek de dahil olmak \u00fczere, ihlalle ba\u015fa \u00e7\u0131kmak i\u00e7in uygun g\u00f6rd\u00fc\u011f\u00fcm\u00fcz \u00f6nlemleri alabiliriz.<\/p><p>16. m\u00fccbir sebepler<\/p><p>\u00d6deme y\u00fck\u00fcml\u00fcl\u00fc\u011f\u00fc hari\u00e7 olmak \u00fczere, bir taraf\u0131n i\u015fbu S\u00f6zle\u015fme kapsam\u0131ndaki y\u00fck\u00fcml\u00fcl\u00fcklerinden herhangi birini yerine getirmesinde veya bunlara uymas\u0131nda herhangi bir gecikme, temerr\u00fct veya ihmal, s\u00f6z konusu gecikme, temerr\u00fct veya ihmal s\u00f6z konusu taraf\u0131n makul kontrol\u00fc d\u0131\u015f\u0131ndaki bir nedenden kaynakland\u0131\u011f\u0131 s\u00fcrece i\u015fbu Kabul Edilebilir Kullan\u0131m Politikas\u0131n\u0131n ihlali say\u0131lmayacakt\u0131r.<\/p><p>17. Tazminat<\/p><p>Fikri m\u00fclkiyet haklar\u0131 ve gizlilik haklar\u0131 da dahil olmak \u00fczere, bu Kullan\u0131m Ko\u015fullar\u0131n\u0131 ve y\u00fcr\u00fcrl\u00fckteki yasalar\u0131 ihlal etmenizle ilgili her t\u00fcrl\u00fc iddia, y\u00fck\u00fcml\u00fcl\u00fck, zarar, kay\u0131p ve masrafa kar\u015f\u0131 bizi tazmin etmeyi, savunmay\u0131 ve zarars\u0131z tutmay\u0131 kabul edersiniz. Bu t\u00fcr taleplerle ba\u011flant\u0131l\u0131 olarak veya bu taleplerden kaynaklanan zararlar\u0131m\u0131z\u0131, kay\u0131plar\u0131m\u0131z\u0131, masraflar\u0131m\u0131z\u0131 ve harcamalar\u0131m\u0131z\u0131 derhal bize geri \u00f6deyeceksiniz.<\/p><p>18. feragat<\/p><p>Bu Kullan\u0131m Ko\u015fullar\u0131n\u0131n ve herhangi bir S\u00f6zle\u015fmenin herhangi bir h\u00fckm\u00fcn\u00fcn uygulanmamas\u0131 veya herhangi bir fesih se\u00e7ene\u011finin kullan\u0131lmamas\u0131, s\u00f6z konusu h\u00fck\u00fcmlerden feragat edildi\u011fi anlam\u0131na gelmeyecek ve bu Kullan\u0131m Ko\u015fullar\u0131n\u0131n veya bu S\u00f6zle\u015fmenin veya herhangi bir b\u00f6l\u00fcm\u00fcn\u00fcn ge\u00e7erlili\u011fini veya daha sonra herhangi bir h\u00fckm\u00fc uygulama hakk\u0131n\u0131 etkilemeyecektir.<\/p><p>19. Dil<\/p><p>Bu kullan\u0131m ko\u015fullar\u0131 yaln\u0131zca Almanca olarak yorumlanacak ve yorumlanacakt\u0131r. T\u00fcm bildirimler ve yaz\u0131\u015fmalar yaln\u0131zca bu dilde yaz\u0131lacakt\u0131r.<\/p><p>20. tam anla\u015fma<\/p><p>Bu kullan\u0131m ko\u015fullar\u0131, gizlilik politikam\u0131z, h\u00fck\u00fcm ve ko\u015fullar\u0131m\u0131z ve yasal bildirim ile birlikte, bu web sitesini kullan\u0131m\u0131n\u0131zla ilgili olarak sizinle WELL Plus GmbH aras\u0131ndaki s\u00f6zle\u015fmenin tamam\u0131n\u0131 olu\u015fturur.<\/p><p>21. bu kullanim \u015fartlarinin g\u00fcncellenmesi\u0307<\/p><p>Bu Kabul Edilebilir Kullan\u0131m Politikas\u0131n\u0131 zaman zaman g\u00fcncelleyebiliriz. De\u011fi\u015fiklikler veya g\u00fcncellemeler i\u00e7in bu kullan\u0131m ko\u015fullar\u0131n\u0131 d\u00fczenli olarak kontrol etmekle y\u00fck\u00fcml\u00fcs\u00fcn\u00fcz. Bu Kabul Edilebilir Kullan\u0131m Politikas\u0131n\u0131n ba\u015f\u0131nda belirtilen tarih, son revizyon tarihidir. Bu Kullan\u0131m Ko\u015fullar\u0131nda yap\u0131lan de\u011fi\u015fiklikler, s\u00f6z konusu de\u011fi\u015fiklikler bu web sitesinde yay\u0131nlan\u0131r yay\u0131nlanmaz y\u00fcr\u00fcrl\u00fc\u011fe girecektir. Herhangi bir de\u011fi\u015fiklik veya g\u00fcncellemenin yay\u0131nlanmas\u0131n\u0131n ard\u0131ndan bu web sitesini kullanmaya devam etmeniz, bu Kullan\u0131m Ko\u015fullar\u0131na uymay\u0131 ve bunlara ba\u011fl\u0131 kalmay\u0131 kabul etti\u011finiz anlam\u0131na gelecektir.<\/p><p>22 Hukuk se\u00e7imi ve yarg\u0131 yeri<\/p><p>Bu kullan\u0131m ko\u015fullar\u0131 Almanya yasalar\u0131na tabidir.  Almanya mahkemeleri, bu Kullan\u0131m Ko\u015fullar\u0131 ile ba\u011flant\u0131l\u0131 olarak ortaya \u00e7\u0131kan t\u00fcm anla\u015fmazl\u0131klar \u00fczerinde yarg\u0131 yetkisine sahip olacakt\u0131r. Bu Kullan\u0131m Ko\u015fullar\u0131n\u0131n herhangi bir b\u00f6l\u00fcm\u00fcn\u00fcn veya h\u00fckm\u00fcn\u00fcn herhangi bir mahkeme veya ba\u015fka bir makam taraf\u0131ndan y\u00fcr\u00fcrl\u00fckteki yasalar uyar\u0131nca ge\u00e7ersiz ve\/veya uygulanamaz oldu\u011fu tespit edilirse, s\u00f6z konusu b\u00f6l\u00fcm veya h\u00fck\u00fcm, bu Kullan\u0131m Ko\u015fullar\u0131n\u0131n amac\u0131n\u0131 ger\u00e7ekle\u015ftirmek i\u00e7in izin verilen azami \u00f6l\u00e7\u00fcde de\u011fi\u015ftirilecek, silinecek ve\/veya uygulanacakt\u0131r. Geri kalan h\u00fck\u00fcmler etkilenmeden kalacakt\u0131r.<\/p><p>23. \u0130leti\u015fim Bilgileri<\/p><p>Bu web sitesi WELL Plus GmbH'ye aittir ve onun taraf\u0131ndan i\u015fletilmektedir.<\/p><p>Bu kullan\u0131m ko\u015fullar\u0131yla ilgili olarak bizimle yaz\u0131l\u0131 olarak veya a\u015fa\u011f\u0131daki adrese e-posta g\u00f6ndererek ileti\u015fime ge\u00e7ebilirsiniz:\u00a0<\/p><p>service@well-plus.io<\/p>\t\t\t\t\t\t\t\t<\/div>\n\t\t\t\t<\/div>\n\t\t\t\t\t<\/div>\n\t\t\t\t<\/div>\n\t\t\t\t\t<\/div>\n\t\t\t\t<\/div>\n\t\t\t\t<\/div>","protected":false},"excerpt":{"rendered":"<p>Nutzungshinweise Die Nutzungshinweise wurden zuletzt am 31. Januar 2023 aktualisiert. 1. Einf\u00fchrung Diese Nutzungshinweise gelten f\u00fcr diese Website und f\u00fcr die Transaktionen im Zusammenhang mit unseren Produkten und Dienstleistungen. Du bist m\u00f6glicherweise an zus\u00e4tzliche Vertr\u00e4ge gebunden, die sich auf deine Beziehung zu uns oder auf Produkte oder Dienstleistungen beziehen, die du von uns erh\u00e4ltst. Wenn [&hellip;]<\/p>\n","protected":false},"author":1,"featured_media":0,"parent":0,"menu_order":0,"comment_status":"closed","ping_status":"closed","template":"elementor_header_footer","meta":{"om_disable_all_campaigns":false,"_monsterinsights_skip_tracking":false,"_monsterinsights_sitenote_active":false,"_monsterinsights_sitenote_note":"","_monsterinsights_sitenote_category":0,"footnotes":""},"class_list":["post-1212","page","type-page","status-publish","hentry"],"aioseo_notices":[],"_links":{"self":[{"href":"https:\/\/www.well-plus.de\/tr\/wp-json\/wp\/v2\/pages\/1212","targetHints":{"allow":["GET"]}}],"collection":[{"href":"https:\/\/www.well-plus.de\/tr\/wp-json\/wp\/v2\/pages"}],"about":[{"href":"https:\/\/www.well-plus.de\/tr\/wp-json\/wp\/v2\/types\/page"}],"author":[{"embeddable":true,"href":"https:\/\/www.well-plus.de\/tr\/wp-json\/wp\/v2\/users\/1"}],"replies":[{"embeddable":true,"href":"https:\/\/www.well-plus.de\/tr\/wp-json\/wp\/v2\/comments?post=1212"}],"version-history":[{"count":3,"href":"https:\/\/www.well-plus.de\/tr\/wp-json\/wp\/v2\/pages\/1212\/revisions"}],"predecessor-version":[{"id":4109,"href":"https:\/\/www.well-plus.de\/tr\/wp-json\/wp\/v2\/pages\/1212\/revisions\/4109"}],"wp:attachment":[{"href":"https:\/\/www.well-plus.de\/tr\/wp-json\/wp\/v2\/media?parent=1212"}],"curies":[{"name":"wp","href":"https:\/\/api.w.org\/{rel}","templated":true}]}}