{"id":1199,"date":"2024-03-08T18:34:40","date_gmt":"2024-03-08T17:34:40","guid":{"rendered":"https:\/\/www.well-plus.io\/?page_id=1199"},"modified":"2026-02-10T12:21:20","modified_gmt":"2026-02-10T07:21:20","slug":"agb","status":"publish","type":"page","link":"https:\/\/www.well-plus.de\/tr\/agb\/","title":{"rendered":"GTC"},"content":{"rendered":"<div data-elementor-type=\"wp-page\" data-elementor-id=\"1199\" class=\"elementor elementor-1199\" data-elementor-post-type=\"page\">\n\t\t\t\t<div class=\"elementor-element elementor-element-a63e736 e-flex e-con-boxed e-con e-parent\" data-id=\"a63e736\" data-element_type=\"container\" data-e-type=\"container\">\n\t\t\t\t\t<div class=\"e-con-inner\">\n\t\t<div class=\"elementor-element elementor-element-d2a847f e-flex e-con-boxed e-con e-child\" data-id=\"d2a847f\" data-element_type=\"container\" data-e-type=\"container\">\n\t\t\t\t\t<div class=\"e-con-inner\">\n\t\t\t\t<div class=\"elementor-element elementor-element-4a3aea3 elementor-widget elementor-widget-text-editor\" data-id=\"4a3aea3\" data-element_type=\"widget\" data-e-type=\"widget\" data-widget_type=\"text-editor.default\">\n\t\t\t\t<div class=\"elementor-widget-container\">\n\t\t\t\t\t\t\t\t\t<h3>GTC<\/h3><p><strong>Genel H\u00fck\u00fcm ve Ko\u015fullar\u0131<\/strong><\/p><p>WELL Plus GmbH<\/p><div class=\"ewa-rteLine\">M\u00fcller-zu-Bruck-Str. 12<\/div><div class=\"ewa-rteLine\">83052 Bruckm\u00fchl<\/div><p>(bundan b\u00f6yle \"WELL\" olarak da an\u0131lacakt\u0131r)<\/p><p>I. Uygulama kapsam\u0131<\/p><p>(1) WELL'in t\u00fcm teslimatlar\u0131, hizmetleri ve teklifleri yaln\u0131zca bu Genel H\u00fck\u00fcm ve Ko\u015fullar temelinde yap\u0131l\u0131r. Bunlar, WELL'in sundu\u011fu teslimatlar veya hizmetler i\u00e7in s\u00f6zle\u015fmeli ortaklar\u0131yla (bundan b\u00f6yle \"m\u00fc\u015fteri\" olarak da an\u0131lacakt\u0131r) yapt\u0131\u011f\u0131 t\u00fcm s\u00f6zle\u015fmelerin ayr\u0131lmaz bir par\u00e7as\u0131d\u0131r. Bunlar, ayr\u0131ca tekrar kararla\u015ft\u0131r\u0131lmam\u0131\u015f olsalar bile, m\u00fc\u015fteriye gelecekteki t\u00fcm teslimatlar, hizmetler veya teklifler i\u00e7in de ge\u00e7erli olacakt\u0131r.<\/p><p>(2) M\u00fc\u015fterinin veya \u00fc\u00e7\u00fcnc\u00fc taraflar\u0131n h\u00fck\u00fcm ve ko\u015fullar\u0131, WELL bunlar\u0131n ge\u00e7erlili\u011fine m\u00fcnferit durumlarda ayr\u0131ca itiraz etmese bile ge\u00e7erli olmayacakt\u0131r. WELL, m\u00fc\u015fterinin veya \u00fc\u00e7\u00fcnc\u00fc bir taraf\u0131n h\u00fck\u00fcm ve ko\u015fullar\u0131n\u0131 i\u00e7eren veya bunlara at\u0131fta bulunan bir mektup veya e-postaya at\u0131fta bulunsa bile, bu, s\u00f6z konusu h\u00fck\u00fcm ve ko\u015fullar\u0131n ge\u00e7erlili\u011fine r\u0131za g\u00f6sterildi\u011fi anlam\u0131na gelmez<\/p><p>(3) WELL, \u00a7 13 BGB anlam\u0131nda t\u00fcketicilerle s\u00f6zle\u015fme yapmaz. M\u00fc\u015fteri, WELL ile bir s\u00f6zle\u015fme akdederken \u00a7 14 BGB uyar\u0131nca bir giri\u015fimci veya HGB uyar\u0131nca bir tacir olarak hareket etti\u011fini garanti eder.<\/p><p>II. WELL'in hizmetleri \/ m\u00fc\u015fterinin i\u015fbirli\u011fi<\/p><p>(1) WELL, m\u00fc\u015fteri ad\u0131na \u00f6zelle\u015ftirilmi\u015f \u00f6\u011frenme platformlar\u0131 olu\u015fturur. Bir \u00f6\u011frenme platformunun olu\u015fturulmas\u0131, kavramsal ve \u00fcretim b\u00f6l\u00fcmlerine ayr\u0131l\u0131r.<\/p><p>(2) WELL ayr\u0131ca sa\u011fl\u0131k sekt\u00f6r\u00fcnde ileri e\u011fitim ve \u00f6\u011fretim alan\u0131nda giri\u015fimcilere y\u00f6nelik e\u011fitim ve dan\u0131\u015fmanl\u0131k hizmetleri de sunmaktad\u0131r.<\/p><p>(3) M\u00fc\u015fteri, ilk talep \u00fczerine kendisine d\u00fc\u015fen i\u015fbirli\u011fi eylemlerini her zaman tam ve zaman\u0131nda yerine getirecektir. M\u00fc\u015fteri i\u015fbirli\u011fi yapmazsa ve b\u00f6ylece WELL'in hizmeti sa\u011flamas\u0131n\u0131 engellerse, WELL'in \u00fccret talebi etkilenmeyecektir. E\u011fitim ve dan\u0131\u015fmanl\u0131k hizmetleriyle ilgili olarak, m\u00fc\u015fterinin belirli bir sonuca ula\u015fma konusunda hi\u00e7bir talebi yoktur. WELL'in bu konudaki hizmetleri, kavramsal \u00e7al\u0131\u015fma ve\/veya ko\u00e7luk ile ilgili oldu\u011fu \u00f6l\u00e7\u00fcde hizmet s\u00f6zle\u015fmeleri yasas\u0131na tabidir.<\/p><p>(4) M\u00fc\u015fteri, ilk talep \u00fczerine makul i\u015fbirli\u011fi eylemleriyle WELL taraf\u0131ndan hizmetlerin sa\u011flanmas\u0131n\u0131 derhal destekleyecektir. \u00d6zellikle m\u00fc\u015fteri, WELL'e gerekli bilgi ve verileri sa\u011flayacakt\u0131r. Ayr\u0131ca m\u00fc\u015fteri, WELL'in ilk talebi \u00fczerine gerekli \u00e7al\u0131\u015fma malzemelerini sa\u011flayacakt\u0131r.<\/p><p>(5) WELL'in ilk talebi \u00fczerine m\u00fc\u015fteri, proje ile ilgili t\u00fcm konularda daimi irtibat noktas\u0131 olarak bir irtibat ki\u015fisi (\"Birinci Seviye \u0130rtibat Ki\u015fisi\") belirleyecektir.<\/p><p>(6) M\u00fc\u015fteri i\u015fbirli\u011fi y\u00fck\u00fcml\u00fcl\u00fcklerini yerine getirmezse ve WELL bu nedenle hizmetlerini kararla\u015ft\u0131r\u0131lan s\u00fcre i\u00e7inde tamamen veya k\u0131smen tamamlayamazsa, kararla\u015ft\u0131r\u0131lan s\u00fcre buna g\u00f6re uzat\u0131lacakt\u0131r.<\/p><p>(7) WELL taraf\u0131ndan m\u00fc\u015fteriye sunulacak hizmetlerle ilgili olarak WELL, BGB \u00a7 315 uyar\u0131nca performans\u0131 belirleme hakk\u0131na sahip olacakt\u0131r.<\/p><p>(8) WELL, m\u00fc\u015fteriye bor\u00e7lu oldu\u011fu hizmetlerin vekiller ve \u00fc\u00e7\u00fcnc\u00fc \u015fah\u0131slar taraf\u0131ndan yerine getirilmesi konusunda yetkilidir.<\/p><p>III Kabule tabi hizmetler<\/p><p>(1) WELL, m\u00fc\u015fteri i\u00e7in kabule tabi bir hizmet sa\u011fl\u0131yorsa, a\u015fa\u011f\u0131daki 2-8. paragraflar ge\u00e7erli olacakt\u0131r.<\/p><p>(2) M\u00fc\u015fteri taraf\u0131ndan kabul, \u00f6\u011frenme platformunun veya kabul gerektiren bir ara ad\u0131m\u0131n (kurs derlemesi, \u015firkete \u00f6zel i\u00e7erik, \u00e7al\u0131\u015fan listeleri) tamamlanmas\u0131ndan ve m\u00fc\u015fterinin bunu onaylamas\u0131ndan hemen sonra beyan edilmelidir.<\/p><p>(3) WELL, m\u00fc\u015fteriden bir haftal\u0131k bir s\u00fcre i\u00e7inde (k\u0131smi) kabul ger\u00e7ekle\u015ftirmesini talep edebilir. M\u00fc\u015fteri, hangi kusurlar\u0131n hala giderilmesi gerekti\u011fini WELL'e yaz\u0131l\u0131 olarak beyan etmemi\u015fse, \u00f6\u011frenme platformu veya ilgili ara ad\u0131m, s\u00fcrenin bitiminde kabul edilmi\u015f say\u0131lacakt\u0131r. M\u00fc\u015fteri, t\u00fcm kusurlar\u0131n bir kayd\u0131n\u0131 haz\u0131rlayacak ve WELL'e sa\u011flayacakt\u0131r. M\u00fc\u015fteri, iletim riskini \u00fcstlenecektir.<\/p><p>(4) \u00d6nemli bir kusur olmas\u0131 durumunda, WELL makul bir s\u00fcre i\u00e7inde kusuru iki kez d\u00fczeltme hakk\u0131na sahip olacakt\u0131r. Hizmetteki \u00f6nemsiz kusurlar kabul\u00fc engellemeyecektir.<\/p><p>(5) Taraflar aras\u0131nda bir eserin \u00f6nemli veya \u00f6nemsiz bir ay\u0131b\u0131 olup olmad\u0131\u011f\u0131 konusunda bir anla\u015fmazl\u0131k varsa, herhangi bir hukuki anla\u015fmazl\u0131k ba\u015flat\u0131lmadan \u00f6nce sanayi ve ticaret odas\u0131 taraf\u0131ndan kamu taraf\u0131ndan atanan bir uzmana dan\u0131\u015f\u0131l\u0131r. M\u00fc\u015fteri, dan\u0131\u015f\u0131lacak bilirki\u015finin uygun \u00fccretini \u00f6nceden \u00f6demekle y\u00fck\u00fcml\u00fcd\u00fcr. Dan\u0131\u015f\u0131lan uzman, i\u015fte \u00f6nemli bir kusurun varl\u0131\u011f\u0131n\u0131 tespit ederse, WELL bu konuda yap\u0131lan masraflar\u0131 m\u00fc\u015fteriye geri \u00f6deyecektir.<\/p><p>(6) WELL taraf\u0131ndan kabul edilecek (k\u0131smi) hizmet, m\u00fc\u015fterinin WELL'in talebi \u00fczerine 7 i\u015f g\u00fcn\u00fc i\u00e7inde ilgili (k\u0131smi) hizmeti kabul etti\u011fini yaz\u0131l\u0131 olarak beyan etmemesi ve \u00f6nemli kusurlar\u0131 WELL'e bildirmemesi durumunda da kabul edilmi\u015f say\u0131lacakt\u0131r.<\/p><p>(7) M\u00fc\u015fteri, \u00f6zellikle kusurlar\u0131n giderilmesi i\u00e7in gerekli masraflar\u0131n geri \u00f6denmesi, zararlar\u0131n tazmini ve bo\u015funa yap\u0131lan masraflar\u0131n geri \u00f6denmesi i\u00e7in ba\u015fka hi\u00e7bir talepte bulunamaz.<\/p><p>(8) S\u00f6zle\u015fmenin ola\u011fan\u00fcst\u00fc iptaline yol a\u00e7an kusurlar yukar\u0131da belirtilen anlamda \u00f6nemli kusurlar te\u015fkil etmedi\u011fi s\u00fcrece, m\u00fc\u015fteri \u00fccretin herhangi bir k\u0131sm\u0131n\u0131 geri isteme hakk\u0131na sahip olmayacakt\u0131r.<\/p><p>IV. S\u00f6zle\u015fmelerin sonu\u00e7land\u0131r\u0131lmas\u0131<\/p><p>(1) WELL ile m\u00fc\u015fteri aras\u0131ndaki s\u00f6zle\u015fme telefonla, yaz\u0131l\u0131 olarak veya metin \u015feklinde yap\u0131labilir.<\/p><p>(2) S\u00f6zle\u015fme s\u00f6zl\u00fc olarak imzalan\u0131rsa, m\u00fc\u015fteri talep \u00fczerine WELL'den bir sipari\u015f onay\u0131 alacakt\u0131r, ancak bu s\u00f6zle\u015fmenin imzalanmas\u0131 i\u00e7in temel te\u015fkil etmez.<\/p><p>V. \u00d6demeler, fiyatlar, ko\u015fullar<\/p><p>(1) WELL taraf\u0131ndan teklif edilen ve bildirilen fiyatlar ba\u011flay\u0131c\u0131d\u0131r. WELL, bir \u00f6\u011frenme platformunun olu\u015fturulmas\u0131 i\u00e7in her \u015fey dahil bir fiyat teklif etmi\u015fse, bu fiyat\u0131n yar\u0131s\u0131 kavramsal \u00e7al\u0131\u015fma ve yar\u0131s\u0131 WELL taraf\u0131ndan yap\u0131lan \u00fcretim \u00e7al\u0131\u015fmas\u0131 ile ilgili olacakt\u0131r. Kavramsal \u00e7al\u0131\u015fma i\u00e7in fatura tutar\u0131n\u0131n yar\u0131s\u0131, bireysel anla\u015fmaya tabi olarak m\u00fc\u015fteri taraf\u0131ndan pe\u015fin olarak \u00f6denecektir. Belirtilen fiyatlar net fiyatlar art\u0131 yasal KDV'dir.<\/p><p>(2) WELL'in hizmetleri i\u00e7in \u00f6deme, faturaland\u0131rmadan hemen sonra veya bireysel anla\u015fma ile yap\u0131lacakt\u0131r. WELL'in hizmetleri i\u00e7in \u00f6deme, WELL'in teklifinde aksi belirtilmedik\u00e7e, genellikle s\u00f6zle\u015fmenin imzalanmas\u0131 \u00fczerine yap\u0131lmal\u0131d\u0131r. WELL'e verilen bir (SEPA) otomatik \u00f6deme yetkisi, iptal edilene kadar sonraki i\u015f ili\u015fkisi i\u00e7in de ge\u00e7erli olacakt\u0131r.<\/p><p>(3) SEPA otomatik \u00f6deme kabul edilirse, m\u00fc\u015fteri s\u00f6zle\u015fmenin imzalanmas\u0131ndan sonra WELL'e yaz\u0131l\u0131 bir SEPA otomatik \u00f6deme talimat\u0131 verecektir. WELL, talep \u00fczerine m\u00fc\u015fteriye ilgili bir form sa\u011flayacakt\u0131r.<\/p><p>(4) WELL, m\u00fc\u015fteriye katma de\u011fer vergisini g\u00f6steren uygun bir fatura d\u00fczenleyecektir (gerekirse vekiller arac\u0131l\u0131\u011f\u0131yla).<\/p><p>(5) Kararla\u015ft\u0131r\u0131lan otomatik \u00f6demelerin m\u00fc\u015fterinin hesab\u0131ndan tahsil edilememesi ve bir ters ibraz\u0131n ger\u00e7ekle\u015fmesi durumunda, m\u00fc\u015fteri ters ibrazdan sonraki \u00fc\u00e7 i\u015f g\u00fcn\u00fc i\u00e7inde bor\u00e7lu oldu\u011fu tutar\u0131 WELL'e aktarmak ve ters ibraz sonucunda ortaya \u00e7\u0131kan masraflar\u0131 kar\u015f\u0131lamakla y\u00fck\u00fcml\u00fcd\u00fcr.<\/p><p>(6) Kar\u015f\u0131 taleplere kar\u015f\u0131 mahsup, ancak di\u011fer akit taraf\u0131n mahsubu tan\u0131m\u0131\u015f olmas\u0131 veya bunun yasal olarak tespit edilmi\u015f olmas\u0131 halinde kar\u015f\u0131l\u0131kl\u0131 olarak yap\u0131labilir. Ayn\u0131 durum bir akit taraf\u0131n al\u0131koyma hakk\u0131n\u0131 kullanmas\u0131 i\u00e7in de ge\u00e7erlidir.<\/p><p>(7) M\u00fc\u015fteri, s\u00f6zle\u015fmenin imzalanmas\u0131n\u0131n ard\u0131ndan WELL ile kararla\u015ft\u0131r\u0131lan ba\u015flang\u0131\u00e7 tarihine mazeretsiz olarak kat\u0131lmazsa ve bunun sonucunda WELL g\u00f6revlendirilen \u00f6\u011frenim platformunu \u00fcretemezse, m\u00fc\u015fteri \u00f6\u011frenim platformunun tasar\u0131m\u0131 i\u00e7in kararla\u015ft\u0131r\u0131lan sabit \u00fccreti \u00f6demekle y\u00fck\u00fcml\u00fc olmaya devam edecektir.<\/p><p>(8) Referans m\u00fc\u015fteriler, WELL'de kullan\u0131lan t\u00fcm hesaplar ve hizmetler i\u00e7in \u015firketleri ad\u0131na ayr\u0131 bir indirim al\u0131rlar. \u0130ndirim, \u015firket taraf\u0131ndan belirtilen minimum kullan\u0131c\u0131 say\u0131s\u0131na dayan\u0131r. Bu de\u011fer, s\u00f6zle\u015fme yap\u0131l\u0131rken belirtilenden daha y\u00fcksek olabilir ve indirimi art\u0131rmaz.<\/p><p>(9) Referans m\u00fc\u015fteri minimum kullan\u0131c\u0131 say\u0131s\u0131n\u0131 kar\u015f\u0131lamazsa, WELL faturalarda uygun, daha d\u00fc\u015f\u00fck bir indirim uygulama hakk\u0131na sahip olacakt\u0131r. Minimum kullan\u0131c\u0131 say\u0131s\u0131na ula\u015f\u0131lamamas\u0131 durumunda, kararla\u015ft\u0131r\u0131lan indirimin en fazla 20%'si d\u00fc\u015f\u00fclebilir.<\/p><p>(10) Buna ek olarak, referans m\u00fc\u015fteriler bir de\u011ferlendirme sunmay\u0131 ve kendilerini WELL'in potansiyel m\u00fc\u015fterilerine veya ilgili taraflar\u0131na olumlu bir \u015fekilde sunmay\u0131 taahh\u00fct eder. Web sitelerinin kar\u015f\u0131l\u0131kl\u0131 olarak birbirine ba\u011flanmas\u0131 anla\u015fman\u0131n bir par\u00e7as\u0131d\u0131r veya olabilir.<\/p><p>VI \u0130ptal, s\u00fcre, kabul tarihi<\/p><p>(1) S\u00f6zle\u015fme, taraflar aras\u0131nda bireysel olarak (telefonla veya yaz\u0131l\u0131 olarak) kararla\u015ft\u0131r\u0131lan asgari s\u00fcreye sahip olacakt\u0131r. Asgari s\u00fcrenin sona ermesinden \u00f6nce iptal (\u00f6zellikle BGB'nin 621, 627, 648. maddeleri uyar\u0131nca) hari\u00e7 tutulmu\u015ftur.<\/p><p>(2) Kararla\u015ft\u0131r\u0131lan kabul tarihleri sabit tarihler de\u011fildir ve m\u00fc\u015fterinin gerekli i\u015fbirli\u011fini sa\u011flamas\u0131na ba\u011fl\u0131d\u0131r.<\/p><p>(3) Sabit bir kabul\/tamamlama tarihi ve asgari s\u00fcre kararla\u015ft\u0131r\u0131lmam\u0131\u015fsa, WELL, s\u00f6zle\u015fmede kararla\u015ft\u0131r\u0131lan \"ba\u015flama tarihinden\" itibaren 16 hafta i\u00e7inde \u00fcretimi kabul i\u00e7in m\u00fc\u015fteriye sunma hakk\u0131na sahip olacakt\u0131r. Bu s\u00fcrenin bitiminden \u00f6nceki iptaller hari\u00e7tir.<\/p><p>(4) S\u00f6zle\u015fme s\u00fcresi boyunca i\u015f ve hizmet s\u00f6zle\u015fmelerine ili\u015fkin kanun kapsam\u0131ndaki her t\u00fcrl\u00fc \u00fccretsiz iptal hakk\u0131 hari\u00e7tir.<\/p><p>(5) \u0130ptallerin ge\u00e7erli olabilmesi i\u00e7in yaz\u0131l\u0131 olarak yap\u0131lmas\u0131 gerekir ve asgari s\u00fcrenin bitiminden 3 ay \u00f6nce m\u00fcmk\u00fcnd\u00fcr.<\/p><p>(6) Ge\u00e7erli bir sebepten dolay\u0131 ola\u011fan\u00fcst\u00fc iptal hakk\u0131 hi\u00e7bir zaman etkilenmeyecektir.<\/p><p>VII Temerr\u00fct \/ ola\u011fan\u00fcst\u00fc iptal<\/p><p>(1) WELL taraf\u0131ndan hizmetlerin sa\u011flanmas\u0131na ili\u015fkin zaman s\u0131n\u0131rlar\u0131, \u00f6denmesi gereken ilgili fatura tutar\u0131 WELL taraf\u0131ndan al\u0131nmadan ve hizmetler i\u00e7in gerekli veriler anla\u015fmaya uygun olarak WELL taraf\u0131ndan eksiksiz olarak al\u0131nmadan veya gerekli i\u015fbirli\u011fi eksiksiz olarak sa\u011flanmadan \u00f6nce ba\u015flamayacakt\u0131r.<\/p><p>(2) M\u00fc\u015fterinin vadesi gelen \u00f6demeleri geciktirmesi durumunda, WELL \u00f6denmemi\u015f tutar \u00f6denene kadar daha fazla hizmet sunmama hakk\u0131n\u0131 sakl\u0131 tutar.<\/p><p>(3) M\u00fc\u015fteri, taksitle \u00f6deme durumunda WELL'e \u00f6denmesi gereken en az iki \u00f6demeyi geciktirirse, WELL s\u00f6zle\u015fmeyi ola\u011fan\u00fcst\u00fc olarak feshetme ve hizmetleri durdurma hakk\u0131na sahip olacakt\u0131r. WELL, bir sonraki ola\u011fan fesih tarihine kadar \u00f6denmesi gereken \u00fccretin tamam\u0131n\u0131 tazminat olarak talep edecektir.<\/p><p>VIII Yerine Getirme<\/p><p>(1) WELL, kararla\u015ft\u0131r\u0131lan hizmetleri teklife uygun olarak gerekli \u00f6zenle yerine getirecektir. WELL, herhangi bir k\u0131s\u0131tlama olmaks\u0131z\u0131n \u00fc\u00e7\u00fcnc\u00fc taraflar\u0131n yard\u0131m\u0131ndan yararlanma hakk\u0131na sahip olacakt\u0131r.<\/p><p>(2) WELL'in kararla\u015ft\u0131r\u0131lan hizmetleri sunmas\u0131 engellenirse ve engellemenin nedenleri m\u00fc\u015fterinin \u00e7evresinden kaynaklan\u0131rsa, WELL'in \u00fccret talebi etkilenmeyecektir.<\/p><p>IX. Davran\u0131\u015f ve de\u011ferlendirme<\/p><p>M\u00fc\u015fteri, WELL'e kar\u015f\u0131 adil bir i\u015f adam\u0131n\u0131n ola\u011fan davran\u0131\u015f\u0131n\u0131 sa\u011flamal\u0131d\u0131r. \u015eirketimiz ve hizmetlerimiz hakk\u0131nda m\u00fc\u015fteriler, rakipler veya di\u011fer \u00fc\u00e7\u00fcnc\u00fc \u015fah\u0131slar taraf\u0131ndan yap\u0131lan her t\u00fcrl\u00fc yasa d\u0131\u015f\u0131 ve\/veya uygunsuz veya as\u0131ls\u0131z beyan\u0131, \u00f6zellikle de ger\u00e7ek d\u0131\u015f\u0131 beyanlar\u0131 ve k\u00f6t\u00fc niyetli ele\u015ftirileri medeni hukuk kapsam\u0131nda kovu\u015fturma ve ayr\u0131ca \u00f6nceden haber vermeksizin cezai kovu\u015fturma ba\u015flatma hakk\u0131m\u0131z\u0131 sakl\u0131 tutar\u0131z.<\/p><p>X. \u00dc\u00e7\u00fcnc\u00fc taraflar\u0131n m\u00fclkiyet haklar\u0131<\/p><p>(1) M\u00fc\u015fteri, \u00fcretimin ger\u00e7ekle\u015ftirilmesiyle ba\u011flant\u0131l\u0131 olarak ortaya \u00e7\u0131kan, bu ama\u00e7la kendisi taraf\u0131ndan edinilen veya edinilecek olan, m\u00fcnhas\u0131ran, \u00fc\u00e7\u00fcnc\u00fc \u015fah\u0131slara serbest\u00e7e devredilebilen, zaman, mekan ve i\u00e7erik bak\u0131m\u0131ndan s\u0131n\u0131rland\u0131r\u0131lmam\u0131\u015f t\u00fcm kullan\u0131m haklar\u0131na sahip olacakt\u0131r.<\/p><p>(2) Paragraf 1, yaln\u0131zca m\u00fc\u015fterinin ana s\u00f6zle\u015fme kapsam\u0131nda WELL'e \u00f6denmesi gereken \u00fccreti tam ve zaman\u0131nda \u00f6demi\u015f olmas\u0131 ko\u015fuluna tabi olarak uygulanacakt\u0131r.<\/p><p>(3) Taksitle \u00f6deme kararla\u015ft\u0131r\u0131lm\u0131\u015fsa, aksi ayr\u0131ca kararla\u015ft\u0131r\u0131lmad\u0131k\u00e7a, 1. paragrafta belirtilen kullan\u0131m hakk\u0131, son taksit tamamen \u00f6denene kadar WELL'e ge\u00e7meyecektir.<\/p><p>(4) \u0130\u015f ve hizmet sonu\u00e7lar\u0131n\u0131n \u00fc\u00e7\u00fcnc\u00fc taraflara (ba\u011fl\u0131 \u015firketler dahil) aktar\u0131lmas\u0131 hari\u00e7 tutulmu\u015ftur. Ayn\u0131 durum \u00a7 23 UrhG uyar\u0131nca i\u015fleme i\u00e7in de ge\u00e7erlidir.<\/p><p>XI. Sorumluluk<\/p><p>(1) WELL, yasal gerek\u00e7elere bak\u0131lmaks\u0131z\u0131n, yaln\u0131zca kas\u0131t ve a\u011f\u0131r ihmal durumlar\u0131nda zararlardan sorumlu olacakt\u0131r. Basit ihmal durumunda, WELL yaln\u0131zca a\u015fa\u011f\u0131dakilerden sorumlu olacakt\u0131r<\/p><p>a) ya\u015fam, v\u00fccut veya sa\u011fl\u0131k yaralanmas\u0131ndan kaynaklanan zararlar i\u00e7in,<\/p><p>b) s\u00f6zle\u015fmeden do\u011fan temel bir y\u00fck\u00fcml\u00fcl\u00fc\u011f\u00fcn ihlalinden kaynaklanan zararlar i\u00e7in (yerine getirilmesi s\u00f6zle\u015fmenin d\u00fczg\u00fcn bir \u015fekilde uygulanmas\u0131 i\u00e7in gerekli olan ve s\u00f6zle\u015fme orta\u011f\u0131n\u0131n d\u00fczenli olarak uyulmas\u0131na g\u00fcvendi\u011fi ve g\u00fcvenebilece\u011fi y\u00fck\u00fcml\u00fcl\u00fck); ancak bu durumda sorumluluk, \u00f6ng\u00f6r\u00fclebilir, tipik olarak meydana gelen zararlar\u0131n tazmini ile s\u0131n\u0131rl\u0131d\u0131r.<\/p><p>(2) 1. paragraf\u0131n s\u0131n\u0131rlar\u0131 dahilinde, WELL veri ve program kayb\u0131ndan sorumlu olmayacakt\u0131r. Veri kayb\u0131na ili\u015fkin sorumluluk, yedek kopyalar d\u00fczenli olarak ve ilgili risklere uygun olarak yap\u0131lm\u0131\u015f olsayd\u0131 ortaya \u00e7\u0131kacak tipik restorasyon maliyetlerinin tutar\u0131 ile s\u0131n\u0131rl\u0131 olacakt\u0131r. \u00dcr\u00fcn Sorumlulu\u011fu Yasas\u0131 kapsam\u0131ndaki sorumluluk, bir garantinin \u00fcstlenilmesine ili\u015fkin sorumluluk gibi her zaman etkilenmeden kalacakt\u0131r.<\/p><p>XII Nihai h\u00fck\u00fcmler<\/p><p>(1) Bu G\u015eK'den sapmalar ancak yaz\u0131l\u0131 olarak kararla\u015ft\u0131r\u0131lm\u0131\u015flarsa ge\u00e7erlidir. M\u00fcnferit durumlarda m\u00fc\u015fteriyle yap\u0131lan m\u00fcnferit anla\u015fmalar (teminat anla\u015fmalar\u0131, ekler ve de\u011fi\u015fiklikler dahil) her durumda bu G\u015eK'ye g\u00f6re \u00f6ncelikli olacakt\u0131r. Bu t\u00fcr anla\u015fmalar\u0131n i\u00e7eri\u011fi i\u00e7in yaz\u0131l\u0131 bir s\u00f6zle\u015fme veya WELL'in yaz\u0131l\u0131 onay\u0131 belirleyici olacakt\u0131r.<\/p><p>(2) Federal Almanya Cumhuriyeti yasalar\u0131 m\u00fcnhas\u0131ran uygulanacakt\u0131r. Yerine getirme yeri WELL'in kay\u0131tl\u0131 ofisidir. M\u00fcnhas\u0131r ticari yarg\u0131 yeri, WELL'in kay\u0131tl\u0131 ofisidir.<\/p>\t\t\t\t\t\t\t\t<\/div>\n\t\t\t\t<\/div>\n\t\t\t\t\t<\/div>\n\t\t\t\t<\/div>\n\t\t\t\t\t<\/div>\n\t\t\t\t<\/div>\n\t\t\t\t<\/div>","protected":false},"excerpt":{"rendered":"<p>AGB Allgemeine Gesch\u00e4ftsbedingungen der WELL Plus GmbH M\u00fcller-zu-Bruck-Str. 1283052 Bruckm\u00fchl (nachfolgend auch: \u201eWELL\u201c genannt) I. Anwendungsbereich (1) Alle Lieferungen, Leistungen und Angebote von WELL erfolgen ausschlie\u00dflich aufgrund dieser Allgemeinen Gesch\u00e4ftsbedingungen. Diese sind Bestandteil aller Vertr\u00e4ge, die WELL mit seinen Vertragspartnern (nachfolgend auch \u201eKunde\u201c genannt) \u00fcber die von ihm angebotenen Lieferungen oder Leistungen schlie\u00dft. Sie gelten [&hellip;]<\/p>\n","protected":false},"author":1,"featured_media":0,"parent":0,"menu_order":0,"comment_status":"closed","ping_status":"closed","template":"elementor_header_footer","meta":{"om_disable_all_campaigns":false,"_monsterinsights_skip_tracking":false,"_monsterinsights_sitenote_active":false,"_monsterinsights_sitenote_note":"","_monsterinsights_sitenote_category":0,"footnotes":""},"class_list":["post-1199","page","type-page","status-publish","hentry"],"aioseo_notices":[],"_links":{"self":[{"href":"https:\/\/www.well-plus.de\/tr\/wp-json\/wp\/v2\/pages\/1199","targetHints":{"allow":["GET"]}}],"collection":[{"href":"https:\/\/www.well-plus.de\/tr\/wp-json\/wp\/v2\/pages"}],"about":[{"href":"https:\/\/www.well-plus.de\/tr\/wp-json\/wp\/v2\/types\/page"}],"author":[{"embeddable":true,"href":"https:\/\/www.well-plus.de\/tr\/wp-json\/wp\/v2\/users\/1"}],"replies":[{"embeddable":true,"href":"https:\/\/www.well-plus.de\/tr\/wp-json\/wp\/v2\/comments?post=1199"}],"version-history":[{"count":6,"href":"https:\/\/www.well-plus.de\/tr\/wp-json\/wp\/v2\/pages\/1199\/revisions"}],"predecessor-version":[{"id":4102,"href":"https:\/\/www.well-plus.de\/tr\/wp-json\/wp\/v2\/pages\/1199\/revisions\/4102"}],"wp:attachment":[{"href":"https:\/\/www.well-plus.de\/tr\/wp-json\/wp\/v2\/media?parent=1199"}],"curies":[{"name":"wp","href":"https:\/\/api.w.org\/{rel}","templated":true}]}}