{"id":1191,"date":"2024-03-08T18:31:54","date_gmt":"2024-03-08T17:31:54","guid":{"rendered":"https:\/\/www.well-plus.io\/?page_id=1191"},"modified":"2026-02-10T12:18:56","modified_gmt":"2026-02-10T07:18:56","slug":"impressum","status":"publish","type":"page","link":"https:\/\/www.well-plus.de\/tr\/impressum\/","title":{"rendered":"K\u00fcnye"},"content":{"rendered":"<div data-elementor-type=\"wp-page\" data-elementor-id=\"1191\" class=\"elementor elementor-1191\" data-elementor-post-type=\"page\">\n\t\t\t\t<div class=\"elementor-element elementor-element-a63e736 e-flex e-con-boxed e-con e-parent\" data-id=\"a63e736\" data-element_type=\"container\" data-e-type=\"container\">\n\t\t\t\t\t<div class=\"e-con-inner\">\n\t\t<div class=\"elementor-element elementor-element-d2a847f e-flex e-con-boxed e-con e-child\" data-id=\"d2a847f\" data-element_type=\"container\" data-e-type=\"container\">\n\t\t\t\t\t<div class=\"e-con-inner\">\n\t\t\t\t<div class=\"elementor-element elementor-element-4a3aea3 elementor-widget elementor-widget-text-editor\" data-id=\"4a3aea3\" data-element_type=\"widget\" data-e-type=\"widget\" data-widget_type=\"text-editor.default\">\n\t\t\t\t<div class=\"elementor-widget-container\">\n\t\t\t\t\t\t\t\t\t<h3>K\u00fcnye<\/h3><p>TMG Madde 5 uyar\u0131nca bilgiler<\/p><p><strong>WELL Plus GmbH<br \/><\/strong>M\u00fcller-zu-Bruck-Str. 12<br \/>83052 Bruckm\u00fchl<\/p><p>Temsilci:<br \/>Thomas Fahrh\u00f6fer, Genel M\u00fcd\u00fcr<\/p><p>Bize ula\u015f\u0131n<br \/>E-posta: service@well-plus.io<\/p><p>Amtsgericht Traunstein<br \/><span style=\"text-align: var(--text-align); background-color: var( --e-global-color-accent ); color: var( --e-global-color-primary ); font-family: var( --e-global-typography-text-font-family ), Sans-serif; font-size: var( --e-global-typography-text-font-size ); font-weight: var( --e-global-typography-text-font-weight ); letter-spacing: var( --e-global-typography-text-letter-spacing );\">HRB 34762<\/span><\/p><p>KDV KIMLI\u011eI\u00a0<span style=\"text-align: var(--text-align); background-color: var( --e-global-color-accent ); color: var( --e-global-color-primary ); font-family: var( --e-global-typography-text-font-family ), Sans-serif; font-size: var( --e-global-typography-text-font-size ); font-weight: var( --e-global-typography-text-font-weight ); letter-spacing: var( --e-global-typography-text-letter-spacing );\">DE317104327<\/span><\/p><p><b style=\"text-align: var(--text-align); color: var( --e-global-color-primary ); font-family: var( --e-global-typography-text-font-family ), Sans-serif; font-size: var( --e-global-typography-text-font-size ); letter-spacing: var( --e-global-typography-text-letter-spacing ); background-color: var( --e-global-color-accent );\">\u00a0<\/b><\/p><p><b style=\"text-align: var(--text-align); color: var( --e-global-color-primary ); font-family: var( --e-global-typography-text-font-family ), Sans-serif; font-size: var( --e-global-typography-text-font-size ); letter-spacing: var( --e-global-typography-text-letter-spacing ); background-color: var( --e-global-color-accent );\">SORUMLULUK REDD\u0130<br \/><\/b><span style=\"text-align: var(--text-align); background-color: var( --e-global-color-accent ); color: var( --e-global-color-primary ); font-family: var( --e-global-typography-text-font-family ), Sans-serif; font-size: var( --e-global-typography-text-font-size ); font-weight: var( --e-global-typography-text-font-weight ); letter-spacing: var( --e-global-typography-text-letter-spacing );\">Bu web sayfalar\u0131 ve buralarda sa\u011flanan bilgiler her zaman dikkatle kontrol edilmekte ve d\u00fczenli olarak g\u00fcncellenmektedir. Bununla birlikte, bilgilerin eksiksiz, do\u011fru veya g\u00fcncel oldu\u011funa dair hi\u00e7bir garanti verilemez. Buna \u00f6zellikle di\u011fer web sitelerine do\u011frudan veya dolayl\u0131 ba\u011flant\u0131lar dahildir. \u0130\u00e7eri\u011fin dikkatli bir \u015fekilde kontrol edilmesine ra\u011fmen, harici ba\u011flant\u0131lar\u0131n i\u00e7eri\u011fi i\u00e7in hi\u00e7bir sorumluluk kabul etmiyoruz.<\/span><\/p><p>Ba\u011flant\u0131 verilen sayfalar\u0131n operat\u00f6rleri i\u00e7eriklerinden tek ba\u015f\u0131na sorumludur. Sayfalar\u0131m\u0131z i\u00e7in herhangi bir \u00f6neriniz varsa veya bir hata bulursan\u0131z, l\u00fctfen bize bir e-posta g\u00f6nderin.<\/p><p><b>\u00d6nceden ileti\u015fime ge\u00e7meden uyar\u0131 yok!<\/b><br \/>Bu web sitesini t\u00fcm yasal d\u00fczenlemelere uygun olarak olu\u015fturmak i\u00e7in her t\u00fcrl\u00fc \u00e7abay\u0131 g\u00f6sterdik. Yine de burada \u00f6nemli bir \u015feyin eksik oldu\u011funu, \u00fc\u00e7\u00fcnc\u00fc taraf haklar\u0131n\u0131n ihlal edildi\u011fini, yasal h\u00fck\u00fcmlerin tam olarak uygulanmad\u0131\u011f\u0131n\u0131 veya rekabet hukuku kapsam\u0131nda sorunlar\u0131n ortaya \u00e7\u0131kabilece\u011fini fark eden herhangi biri olursa, UWG Madde 12 paragraf 1'e at\u0131fta bulunarak h\u0131zl\u0131, \u00fccretsiz ve yeterince a\u00e7\u0131klay\u0131c\u0131 bir mesaj rica ediyorum.<\/p><p>Bu web sayfalar\u0131n\u0131n hakl\u0131 olarak itiraz edilen b\u00f6l\u00fcmlerinin veya k\u0131s\u0131mlar\u0131n\u0131n makul bir s\u00fcre i\u00e7inde kald\u0131r\u0131laca\u011f\u0131n\u0131 veya bir avukata ba\u015fvurman\u0131za gerek kalmadan derhal yasal gerekliliklere uyarlanaca\u011f\u0131n\u0131 garanti ediyoruz. Web sitesi operat\u00f6r\u00fcne bir \u00fccret kar\u015f\u0131l\u0131\u011f\u0131nda uyar\u0131da bulunmak i\u00e7in bir avukat\u0131n dahil edilmesi, web sitesi operat\u00f6r\u00fcn\u00fcn ger\u00e7ek veya varsay\u0131lan iradesine kar\u015f\u0131l\u0131k gelmez ve bu nedenle, i\u015flemlerin ba\u015flat\u0131lmas\u0131n\u0131n bask\u0131n nedeni olarak ilgisiz hedeflerin izlenmesi, \u00f6zellikle de ger\u00e7ek itici g\u00fc\u00e7 olarak maliyet yaratma niyeti ve ayr\u0131ca zararlar\u0131 en aza indirme y\u00fck\u00fcml\u00fcl\u00fc\u011f\u00fcn\u00fcn ihlali nedeniyle UWG Madde 8 (4)'\u00fcn ihlalini te\u015fkil eder.<\/p><p>Bruckm\u00fchl, 10.02.2026<\/p>\t\t\t\t\t\t\t\t<\/div>\n\t\t\t\t<\/div>\n\t\t\t\t\t<\/div>\n\t\t\t\t<\/div>\n\t\t\t\t\t<\/div>\n\t\t\t\t<\/div>\n\t\t\t\t<\/div>","protected":false},"excerpt":{"rendered":"<p>Impressum Angaben gem\u00e4\u00df \u00a7 5 TMG WELL Plus GmbHM\u00fcller-zu-Bruck-Str. 1283052 Bruckm\u00fchl Vertreten durch:Thomas Fahrh\u00f6fer, Gesch\u00e4ftsf\u00fchrer KontaktE-Mail: service@well-plus.io Amtsgericht TraunsteinHRB 34762 USt-ID\u00a0DE317104327 \u00a0 HAFTUNGSAUSSCHLUSSDiese Webseiten und die darauf bereitgestellten Informationen werden immer einer sorgf\u00e4ltigen \u00dcberpr\u00fcfung unterzogen und regelm\u00e4\u00dfig aktualisiert. Dennoch kann keine Garantie auf Vollst\u00e4ndigkeit, Richtigkeit oder Aktualit\u00e4t der Angaben gew\u00e4hrleistet werden. Dies beinhaltet vor allem [&hellip;]<\/p>\n","protected":false},"author":1,"featured_media":0,"parent":0,"menu_order":0,"comment_status":"closed","ping_status":"closed","template":"elementor_header_footer","meta":{"om_disable_all_campaigns":false,"_monsterinsights_skip_tracking":false,"_monsterinsights_sitenote_active":false,"_monsterinsights_sitenote_note":"","_monsterinsights_sitenote_category":0,"footnotes":""},"class_list":["post-1191","page","type-page","status-publish","hentry"],"aioseo_notices":[],"_links":{"self":[{"href":"https:\/\/www.well-plus.de\/tr\/wp-json\/wp\/v2\/pages\/1191","targetHints":{"allow":["GET"]}}],"collection":[{"href":"https:\/\/www.well-plus.de\/tr\/wp-json\/wp\/v2\/pages"}],"about":[{"href":"https:\/\/www.well-plus.de\/tr\/wp-json\/wp\/v2\/types\/page"}],"author":[{"embeddable":true,"href":"https:\/\/www.well-plus.de\/tr\/wp-json\/wp\/v2\/users\/1"}],"replies":[{"embeddable":true,"href":"https:\/\/www.well-plus.de\/tr\/wp-json\/wp\/v2\/comments?post=1191"}],"version-history":[{"count":3,"href":"https:\/\/www.well-plus.de\/tr\/wp-json\/wp\/v2\/pages\/1191\/revisions"}],"predecessor-version":[{"id":4096,"href":"https:\/\/www.well-plus.de\/tr\/wp-json\/wp\/v2\/pages\/1191\/revisions\/4096"}],"wp:attachment":[{"href":"https:\/\/www.well-plus.de\/tr\/wp-json\/wp\/v2\/media?parent=1191"}],"curies":[{"name":"wp","href":"https:\/\/api.w.org\/{rel}","templated":true}]}}