{"id":1212,"date":"2024-03-08T18:38:56","date_gmt":"2024-03-08T17:38:56","guid":{"rendered":"https:\/\/www.well-plus.io\/?page_id=1212"},"modified":"2026-02-10T12:27:08","modified_gmt":"2026-02-10T07:27:08","slug":"nutzung","status":"publish","type":"page","link":"https:\/\/www.well-plus.de\/fr\/nutzung\/","title":{"rendered":"Conseils d'utilisation"},"content":{"rendered":"<div data-elementor-type=\"wp-page\" data-elementor-id=\"1212\" class=\"elementor elementor-1212\" data-elementor-post-type=\"page\">\n\t\t\t\t<div class=\"elementor-element elementor-element-a63e736 e-flex e-con-boxed e-con e-parent\" data-id=\"a63e736\" data-element_type=\"container\" data-e-type=\"container\">\n\t\t\t\t\t<div class=\"e-con-inner\">\n\t\t<div class=\"elementor-element elementor-element-d2a847f e-flex e-con-boxed e-con e-child\" data-id=\"d2a847f\" data-element_type=\"container\" data-e-type=\"container\">\n\t\t\t\t\t<div class=\"e-con-inner\">\n\t\t\t\t<div class=\"elementor-element elementor-element-2e2a058 elementor-widget elementor-widget-heading\" data-id=\"2e2a058\" data-element_type=\"widget\" data-e-type=\"widget\" data-widget_type=\"heading.default\">\n\t\t\t\t<div class=\"elementor-widget-container\">\n\t\t\t\t\t<h6 class=\"elementor-heading-title elementor-size-default\">Conseils d'utilisation<\/h6>\t\t\t\t<\/div>\n\t\t\t\t<\/div>\n\t\t\t\t<div class=\"elementor-element elementor-element-4a3aea3 elementor-widget elementor-widget-text-editor\" data-id=\"4a3aea3\" data-element_type=\"widget\" data-e-type=\"widget\" data-widget_type=\"text-editor.default\">\n\t\t\t\t<div class=\"elementor-widget-container\">\n\t\t\t\t\t\t\t\t\t<p>La derni\u00e8re mise \u00e0 jour des instructions d'utilisation date du 31 janvier 2023.<\/p><p>1. introduction<\/p><p>Ces conditions d'utilisation s'appliquent \u00e0 ce site Web et aux transactions li\u00e9es \u00e0 nos produits et services. Vous pouvez \u00eatre li\u00e9 par des contrats suppl\u00e9mentaires relatifs \u00e0 votre relation avec nous ou aux produits ou services que vous recevez de notre part. Si des dispositions de ces contrats suppl\u00e9mentaires entrent en conflit avec des dispositions des pr\u00e9sentes conditions, les dispositions de ces contrats suppl\u00e9mentaires pr\u00e9vaudront.<\/p><p>2. caract\u00e8re obligatoire<\/p><p>En vous inscrivant, en acc\u00e9dant \u00e0 ce site ou en l'utilisant de quelque mani\u00e8re que ce soit, vous acceptez par la pr\u00e9sente d'\u00eatre li\u00e9 par les pr\u00e9sentes conditions d'utilisation d\u00e9crites ci-dessous. La simple utilisation de ce site web implique la connaissance et l'acceptation de ces conditions d'utilisation. Dans certains cas, nous pouvons \u00e9galement vous demander d'accepter express\u00e9ment ces conditions.<\/p><p>3. communication \u00e9lectronique<\/p><p>En utilisant ce site web ou en communiquant avec nous par voie \u00e9lectronique, vous acceptez et reconnaissez que nous pouvons communiquer avec vous ou vous envoyer un e-mail par voie \u00e9lectronique sur notre site web, et vous acceptez que tous les accords, avis, divulgations et autres communications que nous vous envoyons par voie \u00e9lectronique respectent toutes les exigences l\u00e9gales. Comprend \u00e9galement, mais sans s'y limiter, l'exigence que ces communications soient faites par \u00e9crit.<\/p><p>4. propri\u00e9t\u00e9 intellectuelle<\/p><p>Nous ou nos conc\u00e9dants de licence poss\u00e9dons et contr\u00f4lons tous les droits d'auteur et autres droits de propri\u00e9t\u00e9 intellectuelle sur le Site, ainsi que les donn\u00e9es, informations et autres ressources affich\u00e9es sur le Site ou accessibles sur le Site.<\/p><p>4.1 Tous droits r\u00e9serv\u00e9s<\/p><p>Sauf disposition contraire de certains contenus, aucune licence ou autre droit ne vous est accord\u00e9 au titre du droit d'auteur, des marques, des brevets ou d'autres droits de propri\u00e9t\u00e9 intellectuelle.  Cela signifie que vous n'utiliserez pas, ne copierez pas, ne reproduirez pas, n'ex\u00e9cuterez pas, n'afficherez pas, ne distribuerez pas, n'incorporerez pas dans un support \u00e9lectronique, ne modifierez pas, n'effectuerez pas d'ing\u00e9nierie inverse, ne d\u00e9compilerez pas, ne transmettrez pas, ne t\u00e9l\u00e9chargerez pas, ne transf\u00e9rerez pas, ne mon\u00e9tiserez pas, ne vendrez pas, ne commercialiserez pas ou ne commercialiserez pas les ressources de ce site sous quelque forme que ce soit sans notre autorisation \u00e9crite pr\u00e9alable, sauf et uniquement dans la mesure o\u00f9 les dispositions des lois imp\u00e9ratives (comme le droit de citation) en disposent autrement.<\/p><p>5e bulletin d'information<\/p><p>Nonobstant ce qui pr\u00e9c\u00e8de, vous pouvez transmettre notre bulletin d'information sous forme \u00e9lectronique \u00e0 d'autres personnes susceptibles d'\u00eatre int\u00e9ress\u00e9es par une visite de notre site.<\/p><p>6. Propri\u00e9t\u00e9 des tiers<\/p><p>Notre site web peut contenir des hyperliens ou d'autres r\u00e9f\u00e9rences \u00e0 des sites web d'autres parties. Nous ne surveillons ni n'examinons le contenu des sites web d'autres parties auxquels il est fait r\u00e9f\u00e9rence \u00e0 partir de ce site web. Les produits ou services propos\u00e9s par d'autres sites sont soumis aux conditions d'utilisation de ces tiers. Nous ne partageons ni n'approuvons n\u00e9cessairement les opinions ou le mat\u00e9riel exprim\u00e9s sur ces sites.<\/p><p>Nous ne sommes pas responsables des pratiques de confidentialit\u00e9 ou du contenu de ces sites. Vous assumez tous les risques li\u00e9s \u00e0 l'utilisation de ces sites et des services de tiers qui y sont associ\u00e9s. Nous ne sommes pas responsables des pertes ou dommages de quelque nature que ce soit r\u00e9sultant de la communication de vos donn\u00e9es personnelles \u00e0 des tiers.<\/p><p>7. gestion responsable<\/p><p>En visitant notre site Web, vous acceptez de ne l'utiliser qu'aux fins pr\u00e9vues et autoris\u00e9es par les pr\u00e9sentes conditions, les accords suppl\u00e9mentaires conclus avec nous, ainsi que les lois, r\u00e9glementations et pratiques en ligne g\u00e9n\u00e9ralement accept\u00e9es et les directives de l'industrie en vigueur. Vous ne devez pas utiliser notre site web ou nos services pour utiliser, publier ou distribuer du mat\u00e9riel compos\u00e9 de (ou li\u00e9 \u00e0) des logiciels informatiques malveillants. Utiliser les informations collect\u00e9es sur notre site Web pour des activit\u00e9s de marketing direct ou mener des activit\u00e9s de collecte de donn\u00e9es syst\u00e9matiques ou automatis\u00e9es sur ou en relation avec notre site Web.<\/p><p>Il est strictement interdit de participer \u00e0 des activit\u00e9s qui causent ou peuvent causer des dommages au site Web ou qui affectent les performances, la disponibilit\u00e9 ou l'accessibilit\u00e9 du site Web.<\/p><p>8. soumission d'id\u00e9es<\/p><p>Ne soumettez pas d'id\u00e9es, d'inventions, d'\u0153uvres de l'auteur ou d'autres informations qui peuvent \u00eatre consid\u00e9r\u00e9es comme votre propre propri\u00e9t\u00e9 intellectuelle et que vous souhaitez nous pr\u00e9senter, \u00e0 moins que nous n'ayons sign\u00e9 au pr\u00e9alable un accord de propri\u00e9t\u00e9 intellectuelle ou un accord de confidentialit\u00e9. Si vous nous en informez sans un tel accord \u00e9crit, vous nous accordez une licence mondiale, irr\u00e9vocable, non exclusive et libre de droits pour utiliser, reproduire, stocker, adapter, publier, traduire et distribuer votre contenu sur des supports existants ou futurs.<\/p><p>9. fin de l'utilisation<\/p><p>Nous pouvons, \u00e0 notre enti\u00e8re discr\u00e9tion, modifier ou interrompre, de mani\u00e8re temporaire ou permanente, l'acc\u00e8s au Site ou \u00e0 tout service qui s'y trouve \u00e0 tout moment. Vous acceptez que nous ne soyons pas responsables envers vous ou un tiers de telles modifications, suspensions ou interruptions de votre acc\u00e8s ou de votre utilisation du Site ou de tout contenu que vous avez pu partager sur le Site. Vous n'aurez droit \u00e0 aucune compensation ou autre paiement, m\u00eame si certaines fonctions, param\u00e8tres et\/ou contenus que vous avez contribu\u00e9s ou sur lesquels vous comptez sont d\u00e9finitivement perdus. Vous ne devez pas contourner ou tenter de contourner les mesures de restriction d'acc\u00e8s sur notre site.<\/p><p>10. garanties et responsabilit\u00e9<\/p><p>Rien dans cette section ne limite ou n'exclut une garantie l\u00e9gale implicite dont la limitation ou l'exclusion serait ill\u00e9gale. Ce site web et tout son contenu sont fournis \"tels quels\" et \"tels que disponibles\" et peuvent contenir des inexactitudes ou des erreurs typographiques. Nous d\u00e9clinons express\u00e9ment toute garantie, expresse ou implicite, de quelque nature que ce soit, concernant la disponibilit\u00e9, l'exactitude ou l'exhaustivit\u00e9 du contenu. Nous ne garantissons pas que :<\/p><p>Ce site ou notre contenu r\u00e9pondra \u00e0 vos besoins.<br \/>Ce site web sera disponible sans interruption, en temps opportun, de mani\u00e8re s\u00e9curis\u00e9e ou sans erreur.<\/p><p>Rien sur ce site ne constitue ou n'est cens\u00e9 constituer un conseil juridique, financier ou m\u00e9dical de quelque nature que ce soit. Si vous avez besoin de conseils, vous devez consulter un professionnel appropri\u00e9.<\/p><p>Les dispositions suivantes de la pr\u00e9sente section s'appliquent dans la mesure maximale autoris\u00e9e par la loi et ne limitent pas ou n'excluent pas notre responsabilit\u00e9 en ce qui concerne les questions qui seraient ill\u00e9gales ou ill\u00e9gitimes pour nous de limiter ou d'exclure notre responsabilit\u00e9. En aucun cas nous ne serons responsables des dommages directs ou indirects (y compris les dommages pour perte de profits ou de chiffre d'affaires, perte ou corruption de donn\u00e9es, de logiciels ou de base de donn\u00e9es, ou perte ou corruption de biens ou de donn\u00e9es) subis par vous ou par des tiers et r\u00e9sultant de votre acc\u00e8s \u00e0 notre site ou de votre utilisation de celui-ci.<\/p><p>Sauf disposition contraire expresse dans un accord suppl\u00e9mentaire, notre responsabilit\u00e9 maximale envers vous pour tous les dommages d\u00e9coulant de ou li\u00e9s au Site ou \u00e0 des produits et services commercialis\u00e9s ou vendus par le biais du Site, quelle que soit la forme de l'action en justice imposant une responsabilit\u00e9 (qu'elle soit contractuelle, en \u00e9quit\u00e9, en n\u00e9gligence, intentionnelle, d\u00e9lictuelle ou autre) sera limit\u00e9e au prix total que vous nous avez pay\u00e9 pour acheter ces produits ou services ou pour utiliser le Site. Cette limitation s'applique globalement \u00e0 toutes vos r\u00e9clamations, actions et causes d'action de quelque nature que ce soit et de quelque nature que ce soit.<\/p><p>11. Intimit\u00e9<\/p><p>Pour acc\u00e9der \u00e0 notre site et\/ou \u00e0 nos services, vous pouvez \u00eatre amen\u00e9 \u00e0 fournir certaines informations vous concernant dans le cadre du processus d'inscription. Vous acceptez que toutes les informations que vous fournissez soient toujours exactes, correctes et \u00e0 jour.<\/p><p>Nous avons mis en place une politique pour r\u00e9pondre aux pr\u00e9occupations en mati\u00e8re de confidentialit\u00e9. Pour plus d'informations, veuillez consulter notre politique de confidentialit\u00e9 et notre politique en mati\u00e8re de cookies.<\/p><p>12. restrictions \u00e0 l'exportation \/ respect des lois<\/p><p>L'acc\u00e8s au site depuis des territoires ou des pays o\u00f9 le contenu ou l'achat des produits ou services vendus sur le site est ill\u00e9gal est interdit. Vous ne pouvez pas utiliser ce site Web en violation des lois et r\u00e9glementations d'exportation de l'Allemagne.<\/p><p>13. marketing de partenariat<\/p><p>Par le biais de ce site web, nous pouvons faire du marketing d'affiliation, dans lequel nous recevons un pourcentage ou une commission pour la vente de services ou de produits sur ou via ce site web. Nous pouvons \u00e9galement accepter le parrainage ou d'autres formes de r\u00e9mun\u00e9ration publicitaire de la part d'entreprises. Cette divulgation doit \u00eatre conforme aux exigences l\u00e9gales en mati\u00e8re de marketing et de publicit\u00e9 qui peuvent s'appliquer, telles que les r\u00e8gles de la Federal Trade Commission des \u00c9tats-Unis.<\/p><p>14e affectation<\/p><p>Vous ne pouvez pas c\u00e9der, transf\u00e9rer ou transmettre \u00e0 un tiers tout ou partie de vos droits et\/ou obligations en vertu des pr\u00e9sentes Conditions g\u00e9n\u00e9rales sans notre consentement \u00e9crit pr\u00e9alable. Toute pr\u00e9tendue cession en violation du pr\u00e9sent article est nulle et non avenue.<\/p><p>15. non-respect des consignes d'utilisation<\/p><p>Sans pr\u00e9judice de nos autres droits en vertu des pr\u00e9sentes Conditions d'utilisation, si vous ne respectez pas ces Conditions d'utilisation de quelque mani\u00e8re que ce soit, nous pouvons prendre les mesures que nous jugeons appropri\u00e9es pour traiter la violation, y compris en bloquant temporairement ou d\u00e9finitivement votre acc\u00e8s au Site et en contactant votre fournisseur d'acc\u00e8s Internet pour lui demander de bloquer votre acc\u00e8s au Site et\/ou d'engager des poursuites \u00e0 votre encontre.<\/p><p>16. force majeure<\/p><p>A l'exception de l'obligation de paiement, tout retard, d\u00e9faut ou omission d'une partie dans l'ex\u00e9cution ou le respect de l'une de ses obligations en vertu du pr\u00e9sent Accord ne sera pas consid\u00e9r\u00e9 comme une violation de la pr\u00e9sente notice d'utilisation si et aussi longtemps que ce retard, ce d\u00e9faut ou cette omission pour une raison autre que raisonnable est sous le contr\u00f4le raisonnable de cette partie.<\/p><p>17. Indemnisation<\/p><p>Vous acceptez de nous indemniser, de nous d\u00e9fendre et de nous d\u00e9gager de toute responsabilit\u00e9 en cas de r\u00e9clamation, de responsabilit\u00e9, de dommages, de pertes et de co\u00fbts li\u00e9s \u00e0 votre violation de la pr\u00e9sente notice d'utilisation et des lois applicables, y compris les droits de propri\u00e9t\u00e9 intellectuelle et les droits de confidentialit\u00e9. Vous nous indemniserez imm\u00e9diatement de tous les dommages, pertes, co\u00fbts et d\u00e9penses li\u00e9s \u00e0 ou d\u00e9coulant de telles r\u00e9clamations.<\/p><p>18. renonciation<\/p><p>Le fait de ne pas faire appliquer l'une des dispositions des pr\u00e9sentes Conditions d'utilisation et d'un Contrat ou de ne pas exercer une option de r\u00e9siliation ne sera pas consid\u00e9r\u00e9 comme une renonciation \u00e0 ces dispositions et n'affectera pas la validit\u00e9 des pr\u00e9sentes Conditions d'utilisation ou d'un Contrat ou d'une partie de celui-ci, ni le droit par la suite de faire appliquer chaque disposition individuelle.<\/p><p>19e langue<\/p><p>Les pr\u00e9sentes conditions d'utilisation sont interpr\u00e9t\u00e9es et r\u00e9dig\u00e9es exclusivement en fran\u00e7ais. Toutes les communications et correspondances seront r\u00e9dig\u00e9es exclusivement dans cette langue.<\/p><p>20. accord complet<\/p><p>Cette notice d'utilisation constitue, avec notre politique de confidentialit\u00e9, nos conditions g\u00e9n\u00e9rales de vente et nos mentions l\u00e9gales, l'int\u00e9gralit\u00e9 de l'accord pass\u00e9 entre vous et WELL Plus GmbH en ce qui concerne votre utilisation de ce site.<\/p><p>21. mise \u00e0 jour de cette notice d'utilisation<\/p><p>Nous pouvons mettre \u00e0 jour ces conditions d'utilisation de temps \u00e0 autre. Il vous incombe de v\u00e9rifier r\u00e9guli\u00e8rement si des modifications ou des mises \u00e0 jour ont \u00e9t\u00e9 apport\u00e9es \u00e0 cette notice d'utilisation. La date indiqu\u00e9e au d\u00e9but de cette notice d'utilisation est la derni\u00e8re date de r\u00e9vision. Les modifications apport\u00e9es \u00e0 la pr\u00e9sente notice d'utilisation entreront en vigueur d\u00e8s leur publication sur ce site. Votre utilisation continue de ce site web apr\u00e8s la publication de modifications ou de mises \u00e0 jour sera consid\u00e9r\u00e9e comme une indication de votre acceptation de respecter et d'\u00eatre li\u00e9 par cette notice d'utilisation.<\/p><p>22. choix de la loi et de la juridiction<\/p><p>Les pr\u00e9sentes conditions d'utilisation sont r\u00e9gies par les lois allemandes.  Tout litige relatif \u00e0 ces conditions d'utilisation sera soumis \u00e0 la comp\u00e9tence des tribunaux allemands. Si une partie ou une disposition des pr\u00e9sentes Conditions d'utilisation est jug\u00e9e invalide et\/ou inapplicable par un tribunal ou une autre autorit\u00e9, cette partie ou cette disposition sera modifi\u00e9e, supprim\u00e9e et\/ou appliqu\u00e9e dans la mesure maximale permise par l'intention des pr\u00e9sentes Conditions d'utilisation. Les autres dispositions ne seront pas affect\u00e9es.<\/p><p>23. informations de contact<\/p><p>Ce site web appartient et est exploit\u00e9 par WELL Plus GmbH .<\/p><p>Vous pouvez nous contacter au sujet de cette notice d'utilisation par \u00e9crit ou par e-mail \u00e0 l'adresse suivante :\u00a0<\/p><p>service@well-plus.io<\/p>\t\t\t\t\t\t\t\t<\/div>\n\t\t\t\t<\/div>\n\t\t\t\t\t<\/div>\n\t\t\t\t<\/div>\n\t\t\t\t\t<\/div>\n\t\t\t\t<\/div>\n\t\t\t\t<\/div>","protected":false},"excerpt":{"rendered":"<p>Nutzungshinweise Die Nutzungshinweise wurden zuletzt am 31. Januar 2023 aktualisiert. 1. Einf\u00fchrung Diese Nutzungshinweise gelten f\u00fcr diese Website und f\u00fcr die Transaktionen im Zusammenhang mit unseren Produkten und Dienstleistungen. Du bist m\u00f6glicherweise an zus\u00e4tzliche Vertr\u00e4ge gebunden, die sich auf deine Beziehung zu uns oder auf Produkte oder Dienstleistungen beziehen, die du von uns erh\u00e4ltst. Wenn [&hellip;]<\/p>\n","protected":false},"author":1,"featured_media":0,"parent":0,"menu_order":0,"comment_status":"closed","ping_status":"closed","template":"elementor_header_footer","meta":{"om_disable_all_campaigns":false,"_monsterinsights_skip_tracking":false,"_monsterinsights_sitenote_active":false,"_monsterinsights_sitenote_note":"","_monsterinsights_sitenote_category":0,"footnotes":""},"class_list":["post-1212","page","type-page","status-publish","hentry"],"aioseo_notices":[],"_links":{"self":[{"href":"https:\/\/www.well-plus.de\/fr\/wp-json\/wp\/v2\/pages\/1212","targetHints":{"allow":["GET"]}}],"collection":[{"href":"https:\/\/www.well-plus.de\/fr\/wp-json\/wp\/v2\/pages"}],"about":[{"href":"https:\/\/www.well-plus.de\/fr\/wp-json\/wp\/v2\/types\/page"}],"author":[{"embeddable":true,"href":"https:\/\/www.well-plus.de\/fr\/wp-json\/wp\/v2\/users\/1"}],"replies":[{"embeddable":true,"href":"https:\/\/www.well-plus.de\/fr\/wp-json\/wp\/v2\/comments?post=1212"}],"version-history":[{"count":3,"href":"https:\/\/www.well-plus.de\/fr\/wp-json\/wp\/v2\/pages\/1212\/revisions"}],"predecessor-version":[{"id":4109,"href":"https:\/\/www.well-plus.de\/fr\/wp-json\/wp\/v2\/pages\/1212\/revisions\/4109"}],"wp:attachment":[{"href":"https:\/\/www.well-plus.de\/fr\/wp-json\/wp\/v2\/media?parent=1212"}],"curies":[{"name":"wp","href":"https:\/\/api.w.org\/{rel}","templated":true}]}}