{"id":1191,"date":"2024-03-08T18:31:54","date_gmt":"2024-03-08T17:31:54","guid":{"rendered":"https:\/\/www.well-plus.io\/?page_id=1191"},"modified":"2026-02-10T12:18:56","modified_gmt":"2026-02-10T07:18:56","slug":"impressum","status":"publish","type":"page","link":"https:\/\/www.well-plus.de\/fr\/impressum\/","title":{"rendered":"Mentions l\u00e9gales"},"content":{"rendered":"<div data-elementor-type=\"wp-page\" data-elementor-id=\"1191\" class=\"elementor elementor-1191\" data-elementor-post-type=\"page\">\n\t\t\t\t<div class=\"elementor-element elementor-element-a63e736 e-flex e-con-boxed e-con e-parent\" data-id=\"a63e736\" data-element_type=\"container\" data-e-type=\"container\">\n\t\t\t\t\t<div class=\"e-con-inner\">\n\t\t<div class=\"elementor-element elementor-element-d2a847f e-flex e-con-boxed e-con e-child\" data-id=\"d2a847f\" data-element_type=\"container\" data-e-type=\"container\">\n\t\t\t\t\t<div class=\"e-con-inner\">\n\t\t\t\t<div class=\"elementor-element elementor-element-4a3aea3 elementor-widget elementor-widget-text-editor\" data-id=\"4a3aea3\" data-element_type=\"widget\" data-e-type=\"widget\" data-widget_type=\"text-editor.default\">\n\t\t\t\t<div class=\"elementor-widget-container\">\n\t\t\t\t\t\t\t\t\t<h3>Mentions l\u00e9gales<\/h3><p>Informations conform\u00e9ment au \u00a7 5 TMG<\/p><p><strong>WELL Plus GmbH<br \/><\/strong>M\u00fcller-zu-Bruck-Str. 12<br \/>83052 Bruckm\u00fchl<\/p><p>Repr\u00e9sent\u00e9 par :<br \/>Thomas Fahrh\u00f6fer, directeur g\u00e9n\u00e9ral<\/p><p>Contact<br \/>Courrier \u00e9lectronique : service@well-plus.io<\/p><p>Amtsgericht Traunstein<br \/><span style=\"text-align: var(--text-align); background-color: var( --e-global-color-accent ); color: var( --e-global-color-primary ); font-family: var( --e-global-typography-text-font-family ), Sans-serif; font-size: var( --e-global-typography-text-font-size ); font-weight: var( --e-global-typography-text-font-weight ); letter-spacing: var( --e-global-typography-text-letter-spacing );\">HRB 34762<\/span><\/p><p>Num\u00e9ro de TVA\u00a0<span style=\"text-align: var(--text-align); background-color: var( --e-global-color-accent ); color: var( --e-global-color-primary ); font-family: var( --e-global-typography-text-font-family ), Sans-serif; font-size: var( --e-global-typography-text-font-size ); font-weight: var( --e-global-typography-text-font-weight ); letter-spacing: var( --e-global-typography-text-letter-spacing );\">DE317104327<\/span><\/p><p><b style=\"text-align: var(--text-align); color: var( --e-global-color-primary ); font-family: var( --e-global-typography-text-font-family ), Sans-serif; font-size: var( --e-global-typography-text-font-size ); letter-spacing: var( --e-global-typography-text-letter-spacing ); background-color: var( --e-global-color-accent );\">\u00a0<\/b><\/p><p><b style=\"text-align: var(--text-align); color: var( --e-global-color-primary ); font-family: var( --e-global-typography-text-font-family ), Sans-serif; font-size: var( --e-global-typography-text-font-size ); letter-spacing: var( --e-global-typography-text-letter-spacing ); background-color: var( --e-global-color-accent );\">AVIS DE NON-RESPONSABILIT\u00c9<br \/><\/b><span style=\"text-align: var(--text-align); background-color: var( --e-global-color-accent ); color: var( --e-global-color-primary ); font-family: var( --e-global-typography-text-font-family ), Sans-serif; font-size: var( --e-global-typography-text-font-size ); font-weight: var( --e-global-typography-text-font-weight ); letter-spacing: var( --e-global-typography-text-letter-spacing );\">Ces pages web et les informations qu'elles contiennent sont toujours soumises \u00e0 un contr\u00f4le minutieux et r\u00e9guli\u00e8rement mises \u00e0 jour. Toutefois, aucune garantie ne peut \u00eatre donn\u00e9e quant \u00e0 l'exhaustivit\u00e9, l'exactitude ou l'actualit\u00e9 des informations. Cela inclut notamment les liens directs ou indirects vers d'autres sites web. Malgr\u00e9 un contr\u00f4le minutieux du contenu, nous n'assumons aucune responsabilit\u00e9 pour le contenu des liens externes.<\/span><\/p><p>Les exploitants des pages li\u00e9es sont seuls responsables de leur contenu. Si vous avez des suggestions concernant nos pages ou si vous trouvez une erreur, n'h\u00e9sitez pas \u00e0 nous envoyer un e-mail.<\/p><p><b>Pas de mise en demeure sans contact pr\u00e9alable !<\/b><br \/>Nous nous sommes efforc\u00e9s de cr\u00e9er ce site Internet conform\u00e9ment \u00e0 toutes les dispositions l\u00e9gales. Si quelqu'un devait toutefois remarquer qu'il manque quelque chose d'important, que les droits de tiers ne sont pas respect\u00e9s, que les dispositions l\u00e9gales n'ont pas \u00e9t\u00e9 enti\u00e8rement mises en \u0153uvre ou que des probl\u00e8mes de concurrence pourraient survenir, je vous prie, en vertu de l'article 12, paragraphe 1, de la loi sur la concurrence d\u00e9loyale (UWG), de bien vouloir m'en informer rapidement, gratuitement et de mani\u00e8re suffisamment explicative.<\/p><p>Nous garantissons que les passages ou parties de ces pages web qui font l'objet d'une r\u00e9clamation justifi\u00e9e seront supprim\u00e9s dans un d\u00e9lai raisonnable ou adapt\u00e9s imm\u00e9diatement aux exigences l\u00e9gales, sans que l'intervention d'un avocat soit n\u00e9cessaire de votre part. L'intervention d'un avocat pour une mise en demeure payante de l'exploitant du site Internet ne correspond pas \u00e0 sa volont\u00e9 r\u00e9elle ou pr\u00e9sum\u00e9e, et constituerait donc une violation du \u00a7 8 alin\u00e9a 4 de la loi sur la concurrence d\u00e9loyale (UWG) en raison de la poursuite d'objectifs \u00e9trangers \u00e0 l'objet comme motif dominant de l'introduction de la proc\u00e9dure, en particulier d'une intention de r\u00e9aliser des co\u00fbts comme v\u00e9ritable moteur, ainsi qu'une violation de l'obligation de minimiser le dommage.<\/p><p>Bruckm\u00fchl, 10.02.2026<\/p>\t\t\t\t\t\t\t\t<\/div>\n\t\t\t\t<\/div>\n\t\t\t\t\t<\/div>\n\t\t\t\t<\/div>\n\t\t\t\t\t<\/div>\n\t\t\t\t<\/div>\n\t\t\t\t<\/div>","protected":false},"excerpt":{"rendered":"<p>Impressum Angaben gem\u00e4\u00df \u00a7 5 TMG WELL Plus GmbHM\u00fcller-zu-Bruck-Str. 1283052 Bruckm\u00fchl Vertreten durch:Thomas Fahrh\u00f6fer, Gesch\u00e4ftsf\u00fchrer KontaktE-Mail: service@well-plus.io Amtsgericht TraunsteinHRB 34762 USt-ID\u00a0DE317104327 \u00a0 HAFTUNGSAUSSCHLUSSDiese Webseiten und die darauf bereitgestellten Informationen werden immer einer sorgf\u00e4ltigen \u00dcberpr\u00fcfung unterzogen und regelm\u00e4\u00dfig aktualisiert. Dennoch kann keine Garantie auf Vollst\u00e4ndigkeit, Richtigkeit oder Aktualit\u00e4t der Angaben gew\u00e4hrleistet werden. Dies beinhaltet vor allem [&hellip;]<\/p>\n","protected":false},"author":1,"featured_media":0,"parent":0,"menu_order":0,"comment_status":"closed","ping_status":"closed","template":"elementor_header_footer","meta":{"om_disable_all_campaigns":false,"_monsterinsights_skip_tracking":false,"_monsterinsights_sitenote_active":false,"_monsterinsights_sitenote_note":"","_monsterinsights_sitenote_category":0,"footnotes":""},"class_list":["post-1191","page","type-page","status-publish","hentry"],"aioseo_notices":[],"_links":{"self":[{"href":"https:\/\/www.well-plus.de\/fr\/wp-json\/wp\/v2\/pages\/1191","targetHints":{"allow":["GET"]}}],"collection":[{"href":"https:\/\/www.well-plus.de\/fr\/wp-json\/wp\/v2\/pages"}],"about":[{"href":"https:\/\/www.well-plus.de\/fr\/wp-json\/wp\/v2\/types\/page"}],"author":[{"embeddable":true,"href":"https:\/\/www.well-plus.de\/fr\/wp-json\/wp\/v2\/users\/1"}],"replies":[{"embeddable":true,"href":"https:\/\/www.well-plus.de\/fr\/wp-json\/wp\/v2\/comments?post=1191"}],"version-history":[{"count":3,"href":"https:\/\/www.well-plus.de\/fr\/wp-json\/wp\/v2\/pages\/1191\/revisions"}],"predecessor-version":[{"id":4096,"href":"https:\/\/www.well-plus.de\/fr\/wp-json\/wp\/v2\/pages\/1191\/revisions\/4096"}],"wp:attachment":[{"href":"https:\/\/www.well-plus.de\/fr\/wp-json\/wp\/v2\/media?parent=1191"}],"curies":[{"name":"wp","href":"https:\/\/api.w.org\/{rel}","templated":true}]}}