{"id":2757,"date":"2024-03-21T11:01:44","date_gmt":"2024-03-21T10:01:44","guid":{"rendered":"https:\/\/www.well-plus.io\/?page_id=2757"},"modified":"2024-04-19T11:08:48","modified_gmt":"2024-04-19T09:08:48","slug":"blog","status":"publish","type":"page","link":"https:\/\/www.well-plus.de\/es\/blog\/","title":{"rendered":"Blog"},"content":{"rendered":"<div data-elementor-type=\"wp-page\" data-elementor-id=\"2757\" class=\"elementor elementor-2757\" data-elementor-post-type=\"page\">\n\t\t\t\t\t\t<section class=\"elementor-section elementor-top-section elementor-element elementor-element-3054493a elementor-section-boxed elementor-section-height-default elementor-section-height-default\" data-id=\"3054493a\" data-element_type=\"section\" data-e-type=\"section\" data-settings=\"{&quot;background_background&quot;:&quot;classic&quot;}\">\n\t\t\t\t\t\t<div class=\"elementor-container elementor-column-gap-default\">\n\t\t\t\t\t<div class=\"elementor-column elementor-col-100 elementor-top-column elementor-element elementor-element-745ecb8c\" data-id=\"745ecb8c\" data-element_type=\"column\" data-e-type=\"column\">\n\t\t\t<div class=\"elementor-widget-wrap elementor-element-populated\">\n\t\t\t\t\t\t<div class=\"elementor-element elementor-element-210f21fc elementor-widget elementor-widget-spacer\" data-id=\"210f21fc\" data-element_type=\"widget\" data-e-type=\"widget\" data-widget_type=\"spacer.default\">\n\t\t\t\t<div class=\"elementor-widget-container\">\n\t\t\t\t\t\t\t<div class=\"elementor-spacer\">\n\t\t\t<div class=\"elementor-spacer-inner\"><\/div>\n\t\t<\/div>\n\t\t\t\t\t\t<\/div>\n\t\t\t\t<\/div>\n\t\t\t\t<div class=\"elementor-element elementor-element-62466286 elementor-invisible elementor-widget elementor-widget-heading\" data-id=\"62466286\" data-element_type=\"widget\" data-e-type=\"widget\" data-settings=\"{&quot;_animation&quot;:&quot;fadeInUp&quot;,&quot;_animation_delay&quot;:&quot;200&quot;}\" data-widget_type=\"heading.default\">\n\t\t\t\t<div class=\"elementor-widget-container\">\n\t\t\t\t\t<h1 class=\"elementor-heading-title elementor-size-default\">Blog<\/h1>\t\t\t\t<\/div>\n\t\t\t\t<\/div>\n\t\t\t\t<div class=\"elementor-element elementor-element-2f84c616 elementor-invisible elementor-widget elementor-widget-heading\" data-id=\"2f84c616\" data-element_type=\"widget\" data-e-type=\"widget\" data-settings=\"{&quot;_animation&quot;:&quot;fadeInUp&quot;}\" data-widget_type=\"heading.default\">\n\t\t\t\t<div class=\"elementor-widget-container\">\n\t\t\t\t\t<h2 class=\"elementor-heading-title elementor-size-default\">M\u00e1s informaci\u00f3n <br>eLearning en WELL Plus<\/h2>\t\t\t\t<\/div>\n\t\t\t\t<\/div>\n\t\t\t\t\t<\/div>\n\t\t<\/div>\n\t\t\t\t\t<\/div>\n\t\t<\/section>\n\t\t\t\t<section class=\"elementor-section elementor-top-section elementor-element elementor-element-2fc51bb2 elementor-section-boxed elementor-section-height-default elementor-section-height-default\" data-id=\"2fc51bb2\" data-element_type=\"section\" data-e-type=\"section\" data-settings=\"{&quot;background_background&quot;:&quot;classic&quot;}\">\n\t\t\t\t\t\t<div class=\"elementor-container elementor-column-gap-default\">\n\t\t\t\t\t<div class=\"elementor-column elementor-col-100 elementor-top-column elementor-element elementor-element-a984f19\" data-id=\"a984f19\" data-element_type=\"column\" data-e-type=\"column\">\n\t\t\t<div class=\"elementor-widget-wrap elementor-element-populated\">\n\t\t\t\t\t\t<div class=\"elementor-element elementor-element-7b8ef6f6 elementor-grid-eael-col-3 animated-slow elementor-grid-tablet-eael-col-2 elementor-grid-mobile-eael-col-1 elementor-invisible elementor-widget elementor-widget-eael-post-grid\" data-id=\"7b8ef6f6\" data-element_type=\"widget\" data-e-type=\"widget\" data-settings=\"{&quot;eael_post_grid_columns&quot;:&quot;eael-col-3&quot;,&quot;_animation&quot;:&quot;fadeIn&quot;,&quot;eael_post_grid_columns_tablet&quot;:&quot;eael-col-2&quot;,&quot;eael_post_grid_columns_mobile&quot;:&quot;eael-col-1&quot;}\" data-widget_type=\"eael-post-grid.default\">\n\t\t\t\t<div class=\"elementor-widget-container\">\n\t\t\t\t\t<div id=\"eael-post-grid-7b8ef6f6\" class=\"eael-post-grid-container\">\n            <div class=\"eael-post-grid eael-post-appender eael-post-appender-7b8ef6f6 eael-post-grid-style-two\" data-layout-mode=\"grid\"><article class=\"eael-grid-post  eael-post-grid-column eael-pg-post-2766 category-elearning tags-edtech-elearning-erfahrung-erfolg-kosteneinsparung-learnhub-learnings-lernplattform-mitarbeiter-produktivitaet-steigerung-tipps-unternehmen-zufriedenheit\" data-id=\"2766\">\n    <div class=\"eael-grid-post-holder\">\n        <div class=\"eael-grid-post-holder-inner\"><div class=\"eael-entry-media\"><div class=\"eael-entry-overlay fade-in\"><i class=\"\" aria-hidden=\"true\"><\/i><a href=\"https:\/\/www.well-plus.de\/es\/die-vorteile-von-elearning-fuer-kleine-unternehmen\/\"rel=\"nofollow\"><\/a><\/div><div class=\"eael-entry-thumbnail eael-image-ratio\">\n                            <img fetchpriority=\"high\" decoding=\"async\" width=\"1920\" height=\"1080\" src=\"https:\/\/www.well-plus.de\/wp-content\/uploads\/2024\/03\/well-plus-digital-learning-systems_about_1a-1.webp\" class=\"attachment-full size-full wp-image-1498\" alt=\"\" srcset=\"https:\/\/www.well-plus.de\/wp-content\/uploads\/2024\/03\/well-plus-digital-learning-systems_about_1a-1.webp 1920w, https:\/\/www.well-plus.de\/wp-content\/uploads\/2024\/03\/well-plus-digital-learning-systems_about_1a-1-300x169.webp 300w, https:\/\/www.well-plus.de\/wp-content\/uploads\/2024\/03\/well-plus-digital-learning-systems_about_1a-1-1024x576.webp 1024w, https:\/\/www.well-plus.de\/wp-content\/uploads\/2024\/03\/well-plus-digital-learning-systems_about_1a-1-768x432.webp 768w, https:\/\/www.well-plus.de\/wp-content\/uploads\/2024\/03\/well-plus-digital-learning-systems_about_1a-1-1536x864.webp 1536w, https:\/\/www.well-plus.de\/wp-content\/uploads\/2024\/03\/well-plus-digital-learning-systems_about_1a-1-18x10.webp 18w\" sizes=\"(max-width: 1920px) 100vw, 1920px\" \/>\n                            <\/div>\n                    <\/div><div class=\"eael-entry-wrapper\"><header class=\"eael-entry-header\"><h2 class=\"eael-entry-title\"><a class=\"eael-grid-post-link\" href=\"https:\/\/www.well-plus.de\/es\/die-vorteile-von-elearning-fuer-kleine-unternehmen\/\" title=\"Las ventajas del eLearning para las peque\u00f1as empresas\">Las ventajas del eLearning para las peque\u00f1as empresas<\/a><\/h2><\/header><div class=\"eael-entry-header-after style-two\"><div class=\"eael-author-avatar\"><a href=\"https:\/\/www.well-plus.de\/es\/author\/admin_well\/\"><img alt='\u0130Y\u0130 Art\u0131' src='https:\/\/secure.gravatar.com\/avatar\/43c06684ca6620b1a430df829f3e49f44590fe011a487b45b53afa7e0e1258e7?s=96&#038;d=mm&#038;r=g' srcset='https:\/\/secure.gravatar.com\/avatar\/43c06684ca6620b1a430df829f3e49f44590fe011a487b45b53afa7e0e1258e7?s=192&#038;d=mm&#038;r=g 2x' class='avatar avatar-96 photo' height='96' width='96' \/><\/a><\/div><div class=\"eael-entry-meta\"><span class=\"eael-posted-on eael-meta-posted-on\"><i class=\"far fa-clock\"><\/i><time datetime=\"21. marzo 2024\">21 de marzo de 2024<\/time><\/span><\/div><\/div><div class=\"eael-entry-content\">\n                                <div class=\"eael-grid-post-excerpt\"><p>En un mundo cada vez m\u00e1s digitalizado, el eLearning es un m\u00e9todo importante para que las peque\u00f1as empresas formen y eduquen a sus empleados.<\/p><a href=\"https:\/\/www.well-plus.de\/es\/die-vorteile-von-elearning-fuer-kleine-unternehmen\/\" class=\"eael-post-elements-readmore-btn\">LEER AHORA<\/a><\/div>\n                            <\/div><\/div><\/div>\n    <\/div>\n<\/article><article class=\"eael-grid-post  eael-post-grid-column eael-pg-post-2773 category-elearning tags-edtech-elearning-erfahrung-erfolg-kosteneinsparung-learnhub-learnings-lernplattform-mitarbeiter-produktivitaet-steigerung-tipps-unternehmen-zufriedenheit\" data-id=\"2773\">\n    <div class=\"eael-grid-post-holder\">\n        <div class=\"eael-grid-post-holder-inner\"><div class=\"eael-entry-media\"><div class=\"eael-entry-overlay fade-in\"><i class=\"\" aria-hidden=\"true\"><\/i><a href=\"https:\/\/www.well-plus.de\/es\/warum-arbeitgeber-gesetzliche-schulungen-durchfuehren-muessen\/\"rel=\"nofollow\"><\/a><\/div><div class=\"eael-entry-thumbnail eael-image-ratio\">\n                            <img decoding=\"async\" width=\"1920\" height=\"1256\" src=\"https:\/\/www.well-plus.de\/wp-content\/uploads\/2024\/03\/well-people-working-with-well-plus.webp\" class=\"attachment-full size-full wp-image-1140\" alt=\"\" srcset=\"https:\/\/www.well-plus.de\/wp-content\/uploads\/2024\/03\/well-people-working-with-well-plus.webp 1920w, https:\/\/www.well-plus.de\/wp-content\/uploads\/2024\/03\/well-people-working-with-well-plus-300x196.webp 300w, https:\/\/www.well-plus.de\/wp-content\/uploads\/2024\/03\/well-people-working-with-well-plus-1024x670.webp 1024w, https:\/\/www.well-plus.de\/wp-content\/uploads\/2024\/03\/well-people-working-with-well-plus-768x502.webp 768w, https:\/\/www.well-plus.de\/wp-content\/uploads\/2024\/03\/well-people-working-with-well-plus-1536x1005.webp 1536w\" sizes=\"(max-width: 1920px) 100vw, 1920px\" \/>\n                            <\/div>\n                    <\/div><div class=\"eael-entry-wrapper\"><header class=\"eael-entry-header\"><h2 class=\"eael-entry-title\"><a class=\"eael-grid-post-link\" href=\"https:\/\/www.well-plus.de\/es\/warum-arbeitgeber-gesetzliche-schulungen-durchfuehren-muessen\/\" title=\"Por qu\u00e9 los empresarios deben impartir formaci\u00f3n obligatoria\">Por qu\u00e9 los empresarios deben impartir formaci\u00f3n obligatoria<\/a><\/h2><\/header><div class=\"eael-entry-header-after style-two\"><div class=\"eael-author-avatar\"><a href=\"https:\/\/www.well-plus.de\/es\/author\/admin_well\/\"><img alt='\u0130Y\u0130 Art\u0131' src='https:\/\/secure.gravatar.com\/avatar\/43c06684ca6620b1a430df829f3e49f44590fe011a487b45b53afa7e0e1258e7?s=96&#038;d=mm&#038;r=g' srcset='https:\/\/secure.gravatar.com\/avatar\/43c06684ca6620b1a430df829f3e49f44590fe011a487b45b53afa7e0e1258e7?s=192&#038;d=mm&#038;r=g 2x' class='avatar avatar-96 photo' height='96' width='96' \/><\/a><\/div><div class=\"eael-entry-meta\"><span class=\"eael-posted-on eael-meta-posted-on\"><i class=\"far fa-clock\"><\/i><time datetime=\"21. marzo 2024\">21 de marzo de 2024<\/time><\/span><\/div><\/div><div class=\"eael-entry-content\">\n                                <div class=\"eael-grid-post-excerpt\"><p>En un mundo cada vez m\u00e1s digitalizado, el eLearning es un m\u00e9todo importante para que las peque\u00f1as empresas formen y eduquen a sus empleados.<\/p><a href=\"https:\/\/www.well-plus.de\/es\/warum-arbeitgeber-gesetzliche-schulungen-durchfuehren-muessen\/\" class=\"eael-post-elements-readmore-btn\">LEER AHORA<\/a><\/div>\n                            <\/div><\/div><\/div>\n    <\/div>\n<\/article><article class=\"eael-grid-post  eael-post-grid-column eael-pg-post-2774 category-elearning tags-edtech-elearning-erfahrung-erfolg-kosteneinsparung-learnhub-learnings-lernplattform-mitarbeiter-produktivitaet-steigerung-tipps-unternehmen-zufriedenheit\" data-id=\"2774\">\n    <div class=\"eael-grid-post-holder\">\n        <div class=\"eael-grid-post-holder-inner\"><div class=\"eael-entry-media\"><div class=\"eael-entry-overlay fade-in\"><i class=\"\" aria-hidden=\"true\"><\/i><a href=\"https:\/\/www.well-plus.de\/es\/10-praktische-tipps-fuer-den-einsatz-von-elearning\/\"rel=\"nofollow\"><\/a><\/div><div class=\"eael-entry-thumbnail eael-image-ratio\">\n                            <img decoding=\"async\" width=\"1920\" height=\"1256\" src=\"https:\/\/www.well-plus.de\/wp-content\/uploads\/2024\/03\/well-people-chatting-with-well-plus.webp\" class=\"attachment-full size-full wp-image-1148\" alt=\"\" srcset=\"https:\/\/www.well-plus.de\/wp-content\/uploads\/2024\/03\/well-people-chatting-with-well-plus.webp 1920w, https:\/\/www.well-plus.de\/wp-content\/uploads\/2024\/03\/well-people-chatting-with-well-plus-300x196.webp 300w, https:\/\/www.well-plus.de\/wp-content\/uploads\/2024\/03\/well-people-chatting-with-well-plus-1024x670.webp 1024w, https:\/\/www.well-plus.de\/wp-content\/uploads\/2024\/03\/well-people-chatting-with-well-plus-768x502.webp 768w, https:\/\/www.well-plus.de\/wp-content\/uploads\/2024\/03\/well-people-chatting-with-well-plus-1536x1005.webp 1536w\" sizes=\"(max-width: 1920px) 100vw, 1920px\" \/>\n                            <\/div>\n                    <\/div><div class=\"eael-entry-wrapper\"><header class=\"eael-entry-header\"><h2 class=\"eael-entry-title\"><a class=\"eael-grid-post-link\" href=\"https:\/\/www.well-plus.de\/es\/10-praktische-tipps-fuer-den-einsatz-von-elearning\/\" title=\"10 consejos pr\u00e1cticos para el uso del eLearning\">10 consejos pr\u00e1cticos para el uso del eLearning<\/a><\/h2><\/header><div class=\"eael-entry-header-after style-two\"><div class=\"eael-author-avatar\"><a href=\"https:\/\/www.well-plus.de\/es\/author\/admin_well\/\"><img alt='\u0130Y\u0130 Art\u0131' src='https:\/\/secure.gravatar.com\/avatar\/43c06684ca6620b1a430df829f3e49f44590fe011a487b45b53afa7e0e1258e7?s=96&#038;d=mm&#038;r=g' srcset='https:\/\/secure.gravatar.com\/avatar\/43c06684ca6620b1a430df829f3e49f44590fe011a487b45b53afa7e0e1258e7?s=192&#038;d=mm&#038;r=g 2x' class='avatar avatar-96 photo' height='96' width='96' \/><\/a><\/div><div class=\"eael-entry-meta\"><span class=\"eael-posted-on eael-meta-posted-on\"><i class=\"far fa-clock\"><\/i><time datetime=\"21. marzo 2024\">21 de marzo de 2024<\/time><\/span><\/div><\/div><div class=\"eael-entry-content\">\n                                <div class=\"eael-grid-post-excerpt\"><p>En esta entrada de blog, le presentaremos 10 consejos pr\u00e1cticos que le ayudar\u00e1n a utilizar el eLearning de forma eficaz en su organizaci\u00f3n.<\/p><a href=\"https:\/\/www.well-plus.de\/es\/10-praktische-tipps-fuer-den-einsatz-von-elearning\/\" class=\"eael-post-elements-readmore-btn\">LEER AHORA<\/a><\/div>\n                            <\/div><\/div><\/div>\n    <\/div>\n<\/article><\/div>\n            <div class=\"clearfix\"><\/div>\n        <\/div>\t\t\t\t<\/div>\n\t\t\t\t<\/div>\n\t\t\t\t\t<\/div>\n\t\t<\/div>\n\t\t\t\t\t<\/div>\n\t\t<\/section>\n\t\t\t\t<\/div>","protected":false},"excerpt":{"rendered":"<p>Blog Erfahren Sie mehr \u00fcber eLearning bei WELL Plus Die Vorteile von eLearning f\u00fcr kleine Unternehmen 21. M\u00e4rz 2024 In einer zunehmend digitalisierten Welt ist eLearning eine wichtige Methode f\u00fcr kleine Unternehmen, um ihre Mitarbeiter zu schulen und weiterzubilden. JETZT LESEN Warum Arbeitgeber gesetzliche Schulungen durchf\u00fchren m\u00fcssen 21. M\u00e4rz 2024 In einer zunehmend digitalisierten Welt [&hellip;]<\/p>\n","protected":false},"author":1,"featured_media":0,"parent":0,"menu_order":0,"comment_status":"closed","ping_status":"closed","template":"","meta":{"om_disable_all_campaigns":false,"_monsterinsights_skip_tracking":false,"_monsterinsights_sitenote_active":false,"_monsterinsights_sitenote_note":"","_monsterinsights_sitenote_category":0,"footnotes":""},"class_list":["post-2757","page","type-page","status-publish","hentry"],"aioseo_notices":[],"_links":{"self":[{"href":"https:\/\/www.well-plus.de\/es\/wp-json\/wp\/v2\/pages\/2757","targetHints":{"allow":["GET"]}}],"collection":[{"href":"https:\/\/www.well-plus.de\/es\/wp-json\/wp\/v2\/pages"}],"about":[{"href":"https:\/\/www.well-plus.de\/es\/wp-json\/wp\/v2\/types\/page"}],"author":[{"embeddable":true,"href":"https:\/\/www.well-plus.de\/es\/wp-json\/wp\/v2\/users\/1"}],"replies":[{"embeddable":true,"href":"https:\/\/www.well-plus.de\/es\/wp-json\/wp\/v2\/comments?post=2757"}],"version-history":[{"count":0,"href":"https:\/\/www.well-plus.de\/es\/wp-json\/wp\/v2\/pages\/2757\/revisions"}],"wp:attachment":[{"href":"https:\/\/www.well-plus.de\/es\/wp-json\/wp\/v2\/media?parent=2757"}],"curies":[{"name":"wp","href":"https:\/\/api.w.org\/{rel}","templated":true}]}}