{"id":1212,"date":"2024-03-08T18:38:56","date_gmt":"2024-03-08T17:38:56","guid":{"rendered":"https:\/\/www.well-plus.io\/?page_id=1212"},"modified":"2026-02-10T12:27:08","modified_gmt":"2026-02-10T07:27:08","slug":"nutzung","status":"publish","type":"page","link":"https:\/\/www.well-plus.de\/es\/nutzung\/","title":{"rendered":"Instrucciones de uso"},"content":{"rendered":"<div data-elementor-type=\"wp-page\" data-elementor-id=\"1212\" class=\"elementor elementor-1212\" data-elementor-post-type=\"page\">\n\t\t\t\t<div class=\"elementor-element elementor-element-a63e736 e-flex e-con-boxed e-con e-parent\" data-id=\"a63e736\" data-element_type=\"container\" data-e-type=\"container\">\n\t\t\t\t\t<div class=\"e-con-inner\">\n\t\t<div class=\"elementor-element elementor-element-d2a847f e-flex e-con-boxed e-con e-child\" data-id=\"d2a847f\" data-element_type=\"container\" data-e-type=\"container\">\n\t\t\t\t\t<div class=\"e-con-inner\">\n\t\t\t\t<div class=\"elementor-element elementor-element-2e2a058 elementor-widget elementor-widget-heading\" data-id=\"2e2a058\" data-element_type=\"widget\" data-e-type=\"widget\" data-widget_type=\"heading.default\">\n\t\t\t\t<div class=\"elementor-widget-container\">\n\t\t\t\t\t<h6 class=\"elementor-heading-title elementor-size-default\">Instrucciones de uso<\/h6>\t\t\t\t<\/div>\n\t\t\t\t<\/div>\n\t\t\t\t<div class=\"elementor-element elementor-element-4a3aea3 elementor-widget elementor-widget-text-editor\" data-id=\"4a3aea3\" data-element_type=\"widget\" data-e-type=\"widget\" data-widget_type=\"text-editor.default\">\n\t\t\t\t<div class=\"elementor-widget-container\">\n\t\t\t\t\t\t\t\t\t<p>Las condiciones de uso se actualizaron por \u00faltima vez el 31 de enero de 2023.<\/p><p>1. introducci\u00f3n<\/p><p>Estas condiciones de uso se aplican a este sitio web y a las transacciones relacionadas con nuestros productos y servicios. Usted puede estar obligado por acuerdos adicionales relacionados con su relaci\u00f3n con nosotros o con los productos o servicios que reciba de nosotros. Si las disposiciones de los acuerdos adicionales entran en conflicto con las disposiciones de estas Condiciones, prevalecer\u00e1n las disposiciones de dichos acuerdos adicionales.<\/p><p>2. responsabilidad<\/p><p>Al registrarse, acceder o utilizar de cualquier otro modo este sitio web, acepta quedar vinculado por las condiciones de uso que se exponen a continuaci\u00f3n. El mero uso de este sitio web implica el conocimiento y la aceptaci\u00f3n de estas condiciones de uso. En determinados casos, es posible que tambi\u00e9n le pidamos que las acepte expresamente.<\/p><p>3. comunicaci\u00f3n electr\u00f3nica<\/p><p>Al utilizar este sitio web o comunicarse con nosotros electr\u00f3nicamente, usted acepta y reconoce que podemos comunicarnos con usted o enviarle correos electr\u00f3nicos a trav\u00e9s de nuestro sitio web y acepta que todos los acuerdos, avisos, divulgaciones y otras comunicaciones que le enviemos electr\u00f3nicamente satisfacen cualquier requisito legal. Incluye, pero no se limita a, el requisito de que dichas comunicaciones sean por escrito.<\/p><p>4 Propiedad intelectual<\/p><p>Nosotros o nuestros licenciantes poseemos y controlamos todos los derechos de autor y otros derechos de propiedad intelectual sobre el Sitio Web y los datos, informaci\u00f3n y otros recursos mostrados o accesibles en el Sitio Web.<\/p><p>4.1 Todos los derechos reservados<\/p><p>A menos que el contenido espec\u00edfico indique lo contrario, no se le concede ninguna licencia ni ning\u00fan otro derecho en virtud de derechos de autor, marcas comerciales, patentes u otros derechos de propiedad intelectual.  Esto significa que no utilizar\u00e1, copiar\u00e1, reproducir\u00e1, ejecutar\u00e1, mostrar\u00e1, distribuir\u00e1, incrustar\u00e1 en ning\u00fan medio electr\u00f3nico, modificar\u00e1, realizar\u00e1 ingenier\u00eda inversa, descompilar\u00e1, transmitir\u00e1, descargar\u00e1, transferir\u00e1, monetizar\u00e1, vender\u00e1, comercializar\u00e1 o mercantilizar\u00e1 ning\u00fan recurso de este sitio web de ninguna forma, sin nuestro permiso previo por escrito, excepto y s\u00f3lo en la medida en que se especifique lo contrario en las disposiciones de la legislaci\u00f3n obligatoria (como el derecho de cita).<\/p><p>5\u00ba Bolet\u00edn<\/p><p>No obstante lo anterior, puede reenviar nuestro bolet\u00edn en formato electr\u00f3nico a otras personas que puedan estar interesadas en visitar nuestra p\u00e1gina web.<\/p><p>6. propiedad de terceros<\/p><p>Nuestro sitio web puede contener hiperv\u00ednculos u otras referencias a sitios web de terceros. No controlamos ni revisamos el contenido de los sitios web de terceros enlazados desde este sitio web. Los productos o servicios ofrecidos por otros sitios web est\u00e1n sujetos a las condiciones de uso de dichos terceros. No compartimos ni respaldamos necesariamente las opiniones o materiales expresados en estos sitios web.<\/p><p>No somos responsables de las pr\u00e1cticas de privacidad ni del contenido de estos sitios web. Usted asume todos los riesgos asociados al uso de estos sitios web y de los servicios de terceros relacionados. No aceptamos ninguna responsabilidad por p\u00e9rdidas o da\u00f1os de cualquier tipo derivados de la divulgaci\u00f3n por su parte de datos personales a terceros.<\/p><p>7. manipulaci\u00f3n responsable<\/p><p>Al visitar nuestro sitio web, usted acepta utilizarlo \u00fanicamente para los fines previstos y permitidos por estas Condiciones, los acuerdos adicionales con nosotros y las leyes, reglamentos y pr\u00e1cticas en l\u00ednea generalmente aceptadas y las directrices del sector aplicables. No debe utilizar nuestro sitio web o nuestros servicios para utilizar, publicar o distribuir material que consista en (o est\u00e9 vinculado a) software inform\u00e1tico malicioso. Utilizar los datos recogidos en nuestro sitio web para actividades de marketing directo o llevar a cabo cualquier actividad sistem\u00e1tica o automatizada de recogida de datos en o en relaci\u00f3n con nuestro sitio web.<\/p><p>Queda terminantemente prohibida la participaci\u00f3n en actividades que causen o puedan causar da\u00f1os al sitio web o perjudicar su rendimiento, disponibilidad o accesibilidad.<\/p><p>8. presentaci\u00f3n de ideas<\/p><p>No env\u00ede ninguna idea, invento, obra de autor u otra informaci\u00f3n que pueda considerarse propiedad intelectual suya y que desee presentarnos, a menos que hayamos firmado previamente un acuerdo de propiedad intelectual o un acuerdo de confidencialidad. Si nos lo proporciona sin dicho acuerdo escrito, nos concede una licencia mundial, irrevocable, no exclusiva y libre de regal\u00edas para utilizar, reproducir, almacenar, adaptar, publicar, traducir y distribuir su contenido en cualquier medio existente o futuro.<\/p><p>9. finalizaci\u00f3n del uso<\/p><p>Podemos, a nuestra entera discreci\u00f3n, modificar o interrumpir, temporal o permanentemente, el acceso al Sitio Web o a cualquier servicio del Sitio Web en cualquier momento. Usted acepta que no seremos responsables ante usted ni ante terceros por dicha modificaci\u00f3n, suspensi\u00f3n o interrupci\u00f3n de su acceso o uso del Sitio Web o de cualquier contenido que haya compartido en el Sitio Web. Usted no tendr\u00e1 derecho a ninguna compensaci\u00f3n ni a ning\u00fan otro pago aunque se pierdan de forma permanente determinadas funciones, ajustes y\/o contenidos con los que haya contribuido o en los que haya confiado. No podr\u00e1 eludir ni intentar eludir ninguna medida de restricci\u00f3n de acceso a nuestro sitio web.<\/p><p>10 Garant\u00edas y responsabilidad<\/p><p>Nada en esta secci\u00f3n limitar\u00e1 o excluir\u00e1 cualquier garant\u00eda impl\u00edcita por ley que ser\u00eda ilegal limitar o excluir. Esta p\u00e1gina web y todo su contenido se proporcionan \"tal cual\" y \"seg\u00fan disponibilidad\" y pueden incluir imprecisiones o errores tipogr\u00e1ficos. Renunciamos expresamente a cualquier garant\u00eda expresa o impl\u00edcita de cualquier tipo en cuanto a la disponibilidad, exactitud o integridad del contenido. No garantizamos que:<\/p><p>Este sitio web o nuestros contenidos satisfar\u00e1n sus necesidades.<br \/>Este sitio web ser\u00e1 ininterrumpido, puntual, seguro o libre de errores.<\/p><p>Nada de lo contenido en este sitio web constituye ni pretende constituir asesoramiento jur\u00eddico, financiero o m\u00e9dico de ning\u00fan tipo. Si necesita asesoramiento, consulte a un profesional adecuado.<\/p><p>Las siguientes disposiciones de esta secci\u00f3n se aplican en la medida m\u00e1xima permitida por la ley y no limitan ni excluyen nuestra responsabilidad con respecto a cualquier asunto en el que ser\u00eda ilegal o il\u00edcito que limit\u00e1ramos o excluy\u00e9ramos nuestra responsabilidad. En ning\u00fan caso seremos responsables de los da\u00f1os directos o indirectos (incluidos los da\u00f1os por p\u00e9rdida de beneficios o ingresos, p\u00e9rdida o da\u00f1o de datos, software o bases de datos, o p\u00e9rdida o da\u00f1o de bienes o datos) en los que incurra usted o un tercero como consecuencia de su acceso o uso de nuestro sitio web.<\/p><p>Salvo que se estipule expresamente lo contrario en un acuerdo adicional, nuestra responsabilidad m\u00e1xima frente a usted por todos los da\u00f1os derivados o relacionados con el Sitio o con cualquier producto o servicio comercializado o vendido a trav\u00e9s del Sitio, independientemente de la forma de acci\u00f3n legal que imponga la responsabilidad (ya sea por contrato, equidad, negligencia, dolo, responsabilidad extracontractual o de otro tipo) se limitar\u00e1 al precio total que usted nos pag\u00f3 para adquirir dichos productos o servicios o para utilizar el Sitio. Esta limitaci\u00f3n se aplica en conjunto a todas sus reclamaciones, acciones y causas de acci\u00f3n de cualquier tipo y naturaleza.<\/p><p>11. privacidad<\/p><p>Para acceder a nuestro sitio web y\/o a nuestros servicios, es posible que se le solicite que proporcione cierta informaci\u00f3n sobre usted como parte del proceso de registro. Usted acepta que toda la informaci\u00f3n que proporcione ser\u00e1 siempre exacta, correcta y actualizada.<\/p><p>Hemos desarrollado una pol\u00edtica para abordar cualquier preocupaci\u00f3n sobre la privacidad. Puede encontrar m\u00e1s informaci\u00f3n en nuestra pol\u00edtica de privacidad y en nuestra pol\u00edtica de cookies.<\/p><p>12. restricciones a la exportaci\u00f3n \/ cumplimiento de las leyes<\/p><p>Queda prohibido el acceso al sitio web desde territorios o pa\u00edses en los que el contenido o la compra de productos o servicios vendidos en el sitio web sean ilegales. No puede utilizar este sitio web infringiendo las leyes y reglamentos de exportaci\u00f3n de Alemania.<\/p><p>13. marketing de asociaci\u00f3n<\/p><p>Podemos participar en marketing de afiliaci\u00f3n a trav\u00e9s de este sitio web, por el que recibimos un porcentaje o comisi\u00f3n por la venta de servicios o productos en o a trav\u00e9s de este sitio web. Tambi\u00e9n podemos aceptar el patrocinio u otras formas de compensaci\u00f3n publicitaria de empresas. Esta divulgaci\u00f3n pretende cumplir con los requisitos legales relacionados con el marketing y la publicidad que puedan ser de aplicaci\u00f3n, como las normas de la Comisi\u00f3n Federal de Comercio de EE. UU.<\/p><p>14. asignaci\u00f3n<\/p><p>Usted no podr\u00e1 ceder, transferir o subcontratar ninguno de sus derechos y\/u obligaciones en virtud de los presentes T\u00e9rminos y Condiciones, en su totalidad o en parte, a terceros sin nuestro consentimiento previo por escrito. Cualquier pretendida cesi\u00f3n en violaci\u00f3n de esta secci\u00f3n ser\u00e1 nula y sin efecto.<\/p><p>15. infracciones de las condiciones de uso<\/p><p>Sin perjuicio de nuestros otros derechos en virtud de esta Pol\u00edtica de Uso Aceptable, si usted incumple esta Pol\u00edtica de Uso Aceptable de cualquier manera, podemos tomar las medidas que consideremos apropiadas para hacer frente al incumplimiento, incluida la suspensi\u00f3n temporal o permanente de su acceso al Sitio Web y ponernos en contacto con su proveedor de servicios de Internet para solicitarle que bloquee su acceso al Sitio Web y\/o emprender acciones legales contra usted.<\/p><p>16. fuerza mayor<\/p><p>A excepci\u00f3n de la obligaci\u00f3n de pago, cualquier retraso, incumplimiento u omisi\u00f3n por una de las partes en la ejecuci\u00f3n u observancia de cualquiera de sus obligaciones en virtud del presente Acuerdo no se considerar\u00e1 un incumplimiento de esta Pol\u00edtica de Uso Aceptable si y siempre que dicho retraso, incumplimiento u omisi\u00f3n se deba a un motivo ajeno al control razonable de dicha parte.<\/p><p>17. indemnizaci\u00f3n<\/p><p>Usted se compromete a indemnizarnos, defendernos y eximirnos de cualquier reclamaci\u00f3n, responsabilidad, da\u00f1os, p\u00e9rdidas y gastos relacionados con la violaci\u00f3n por su parte de estas Condiciones de uso y de las leyes aplicables, incluidos los derechos de propiedad intelectual y los derechos de privacidad. Nos reembolsar\u00e1 sin demora nuestros da\u00f1os, p\u00e9rdidas, costes y gastos relacionados con dichas reclamaciones o derivados de las mismas.<\/p><p>18. renuncia<\/p><p>La falta de aplicaci\u00f3n de cualquiera de las disposiciones de las presentes Condiciones de Uso y de cualquier Acuerdo o la falta de ejercicio de cualquier opci\u00f3n de rescisi\u00f3n no se considerar\u00e1 una renuncia a dichas disposiciones y no afectar\u00e1 a la validez de las presentes Condiciones de Uso o de cualquiera de dichos Acuerdos o de cualquier parte de los mismos ni al derecho posterior a aplicar cualquier disposici\u00f3n.<\/p><p>19. lengua<\/p><p>Estas condiciones de uso se interpretar\u00e1n e interpretar\u00e1n exclusivamente en alem\u00e1n. Todas las notificaciones y correspondencia se redactar\u00e1n exclusivamente en este idioma.<\/p><p>20. acuerdo completo<\/p><p>Estas condiciones de uso, junto con nuestra pol\u00edtica de privacidad, t\u00e9rminos y condiciones y aviso legal, constituyen el acuerdo completo entre usted y WELL Plus GmbH en relaci\u00f3n con su uso de este sitio web.<\/p><p>21. actualizaci\u00f3n de estas condiciones de uso<\/p><p>Podemos actualizar esta Pol\u00edtica de Uso Aceptable de vez en cuando. Usted est\u00e1 obligado a comprobar estas condiciones de uso con regularidad para comprobar si se han producido cambios o actualizaciones. La fecha indicada al principio de esta Pol\u00edtica de uso aceptable es la fecha de la \u00faltima revisi\u00f3n. Las modificaciones de estas condiciones de uso entrar\u00e1n en vigor en cuanto se publiquen en este sitio web. Su uso continuado de este sitio web tras la publicaci\u00f3n de cualquier cambio o actualizaci\u00f3n se considerar\u00e1 como indicaci\u00f3n de su aceptaci\u00f3n de cumplir y estar obligado por estas condiciones de uso.<\/p><p>22 Elecci\u00f3n de la ley y lugar de jurisdicci\u00f3n<\/p><p>Estas condiciones de uso est\u00e1n sujetas a las leyes de Alemania.  Los tribunales de Alemania tendr\u00e1n jurisdicci\u00f3n sobre todas las disputas que surjan en relaci\u00f3n con estas Condiciones de uso. Si alg\u00fan tribunal u otra autoridad considera que alguna parte o disposici\u00f3n de estas Condiciones de uso es inv\u00e1lida y\/o inaplicable en virtud de la legislaci\u00f3n aplicable, dicha parte o disposici\u00f3n ser\u00e1 modificada, eliminada y\/o aplicada en la m\u00e1xima medida permitida a fin de hacer efectiva la intenci\u00f3n de estas Condiciones de uso. Las disposiciones restantes no se ver\u00e1n afectadas.<\/p><p>23. informaci\u00f3n de contacto<\/p><p>Este sitio web es propiedad y est\u00e1 gestionado por WELL Plus GmbH .<\/p><p>Puede ponerse en contacto con nosotros en relaci\u00f3n con estas condiciones de uso por escrito o por correo electr\u00f3nico a la siguiente direcci\u00f3n:\u00a0<\/p><p>service@well-plus.io<\/p>\t\t\t\t\t\t\t\t<\/div>\n\t\t\t\t<\/div>\n\t\t\t\t\t<\/div>\n\t\t\t\t<\/div>\n\t\t\t\t\t<\/div>\n\t\t\t\t<\/div>\n\t\t\t\t<\/div>","protected":false},"excerpt":{"rendered":"<p>Nutzungshinweise Die Nutzungshinweise wurden zuletzt am 31. Januar 2023 aktualisiert. 1. Einf\u00fchrung Diese Nutzungshinweise gelten f\u00fcr diese Website und f\u00fcr die Transaktionen im Zusammenhang mit unseren Produkten und Dienstleistungen. Du bist m\u00f6glicherweise an zus\u00e4tzliche Vertr\u00e4ge gebunden, die sich auf deine Beziehung zu uns oder auf Produkte oder Dienstleistungen beziehen, die du von uns erh\u00e4ltst. Wenn [&hellip;]<\/p>\n","protected":false},"author":1,"featured_media":0,"parent":0,"menu_order":0,"comment_status":"closed","ping_status":"closed","template":"elementor_header_footer","meta":{"om_disable_all_campaigns":false,"_monsterinsights_skip_tracking":false,"_monsterinsights_sitenote_active":false,"_monsterinsights_sitenote_note":"","_monsterinsights_sitenote_category":0,"footnotes":""},"class_list":["post-1212","page","type-page","status-publish","hentry"],"aioseo_notices":[],"_links":{"self":[{"href":"https:\/\/www.well-plus.de\/es\/wp-json\/wp\/v2\/pages\/1212","targetHints":{"allow":["GET"]}}],"collection":[{"href":"https:\/\/www.well-plus.de\/es\/wp-json\/wp\/v2\/pages"}],"about":[{"href":"https:\/\/www.well-plus.de\/es\/wp-json\/wp\/v2\/types\/page"}],"author":[{"embeddable":true,"href":"https:\/\/www.well-plus.de\/es\/wp-json\/wp\/v2\/users\/1"}],"replies":[{"embeddable":true,"href":"https:\/\/www.well-plus.de\/es\/wp-json\/wp\/v2\/comments?post=1212"}],"version-history":[{"count":3,"href":"https:\/\/www.well-plus.de\/es\/wp-json\/wp\/v2\/pages\/1212\/revisions"}],"predecessor-version":[{"id":4109,"href":"https:\/\/www.well-plus.de\/es\/wp-json\/wp\/v2\/pages\/1212\/revisions\/4109"}],"wp:attachment":[{"href":"https:\/\/www.well-plus.de\/es\/wp-json\/wp\/v2\/media?parent=1212"}],"curies":[{"name":"wp","href":"https:\/\/api.w.org\/{rel}","templated":true}]}}