{"id":1191,"date":"2024-03-08T18:31:54","date_gmt":"2024-03-08T17:31:54","guid":{"rendered":"https:\/\/www.well-plus.io\/?page_id=1191"},"modified":"2026-02-10T12:18:56","modified_gmt":"2026-02-10T07:18:56","slug":"impressum","status":"publish","type":"page","link":"https:\/\/www.well-plus.de\/es\/impressum\/","title":{"rendered":"Pie de imprenta"},"content":{"rendered":"<div data-elementor-type=\"wp-page\" data-elementor-id=\"1191\" class=\"elementor elementor-1191\" data-elementor-post-type=\"page\">\n\t\t\t\t<div class=\"elementor-element elementor-element-a63e736 e-flex e-con-boxed e-con e-parent\" data-id=\"a63e736\" data-element_type=\"container\" data-e-type=\"container\">\n\t\t\t\t\t<div class=\"e-con-inner\">\n\t\t<div class=\"elementor-element elementor-element-d2a847f e-flex e-con-boxed e-con e-child\" data-id=\"d2a847f\" data-element_type=\"container\" data-e-type=\"container\">\n\t\t\t\t\t<div class=\"e-con-inner\">\n\t\t\t\t<div class=\"elementor-element elementor-element-4a3aea3 elementor-widget elementor-widget-text-editor\" data-id=\"4a3aea3\" data-element_type=\"widget\" data-e-type=\"widget\" data-widget_type=\"text-editor.default\">\n\t\t\t\t<div class=\"elementor-widget-container\">\n\t\t\t\t\t\t\t\t\t<h3>Pie de imprenta<\/h3><p>Informaci\u00f3n seg\u00fan \u00a7 5 TMG<\/p><p><strong>WELL Plus GmbH<br \/><\/strong>M\u00fcller-zu-Bruck-Str. 12<br \/>83052 Bruckm\u00fchl<\/p><p>Representado por:<br \/>Thomas Fahrh\u00f6fer, Director General<\/p><p>P\u00f3ngase en contacto con nosotros<br \/>Correo electr\u00f3nico: service@well-plus.io<\/p><p>Amtsgericht Traunstein<br \/><span style=\"text-align: var(--text-align); background-color: var( --e-global-color-accent ); color: var( --e-global-color-primary ); font-family: var( --e-global-typography-text-font-family ), Sans-serif; font-size: var( --e-global-typography-text-font-size ); font-weight: var( --e-global-typography-text-font-weight ); letter-spacing: var( --e-global-typography-text-letter-spacing );\">HRB 34762<\/span><\/p><p>CIF\u00a0<span style=\"text-align: var(--text-align); background-color: var( --e-global-color-accent ); color: var( --e-global-color-primary ); font-family: var( --e-global-typography-text-font-family ), Sans-serif; font-size: var( --e-global-typography-text-font-size ); font-weight: var( --e-global-typography-text-font-weight ); letter-spacing: var( --e-global-typography-text-letter-spacing );\">DE317104327<\/span><\/p><p><b style=\"text-align: var(--text-align); color: var( --e-global-color-primary ); font-family: var( --e-global-typography-text-font-family ), Sans-serif; font-size: var( --e-global-typography-text-font-size ); letter-spacing: var( --e-global-typography-text-letter-spacing ); background-color: var( --e-global-color-accent );\">\u00a0<\/b><\/p><p><b style=\"text-align: var(--text-align); color: var( --e-global-color-primary ); font-family: var( --e-global-typography-text-font-family ), Sans-serif; font-size: var( --e-global-typography-text-font-size ); letter-spacing: var( --e-global-typography-text-letter-spacing ); background-color: var( --e-global-color-accent );\">DESCARGO DE RESPONSABILIDAD<br \/><\/b><span style=\"text-align: var(--text-align); background-color: var( --e-global-color-accent ); color: var( --e-global-color-primary ); font-family: var( --e-global-typography-text-font-family ), Sans-serif; font-size: var( --e-global-typography-text-font-size ); font-weight: var( --e-global-typography-text-font-weight ); letter-spacing: var( --e-global-typography-text-letter-spacing );\">Estas p\u00e1ginas web y la informaci\u00f3n proporcionada en ellas se revisan siempre cuidadosamente y se actualizan con regularidad. No obstante, no puede garantizarse que la informaci\u00f3n sea completa, correcta o est\u00e9 actualizada. Esto incluye, en particular, los enlaces directos o indirectos a otras p\u00e1ginas web. A pesar de comprobar cuidadosamente el contenido, no aceptamos ninguna responsabilidad por el contenido de los enlaces externos.<\/span><\/p><p>Los operadores de las p\u00e1ginas enlazadas son los \u00fanicos responsables de su contenido. Si tiene alguna sugerencia para nuestras p\u00e1ginas o encuentra alg\u00fan error, env\u00edenos un correo electr\u00f3nico.<\/p><p><b>\u00a1No hay aviso sin contacto previo!<\/b><br \/>Hemos hecho todo lo posible para crear este sitio web de acuerdo con todas las normativas legales. Si a pesar de ello alguien notara que aqu\u00ed falta algo importante, que se han infringido derechos de terceros, que no se han aplicado \u00edntegramente las disposiciones legales o que podr\u00edan surgir problemas en virtud de la legislaci\u00f3n sobre competencia, le rogar\u00eda que nos enviara un mensaje r\u00e1pido, gratuito y suficientemente explicativo con referencia al art. 12 p\u00e1rr. 1 de la UWG.<\/p><p>Le garantizamos que los pasajes o partes de estas p\u00e1ginas web objetados con raz\u00f3n ser\u00e1n eliminados en un plazo razonable o adaptados a las exigencias legales de forma inmediata, sin necesidad de que usted recurra a un abogado. La intervenci\u00f3n de un abogado para emitir una advertencia al operador de la p\u00e1gina web a cambio de unos honorarios no se corresponde con la voluntad real o presunta del operador de la p\u00e1gina web y, por lo tanto, constituir\u00eda una violaci\u00f3n del art\u00edculo 8 (4) de la UWG debido a la persecuci\u00f3n de objetivos irrelevantes como motivo dominante para iniciar el procedimiento, en particular la intenci\u00f3n de generar costes como fuerza motriz real, as\u00ed como una violaci\u00f3n del deber de minimizar los da\u00f1os.<\/p><p>Bruckm\u00fchl, 10.02.2026<\/p>\t\t\t\t\t\t\t\t<\/div>\n\t\t\t\t<\/div>\n\t\t\t\t\t<\/div>\n\t\t\t\t<\/div>\n\t\t\t\t\t<\/div>\n\t\t\t\t<\/div>\n\t\t\t\t<\/div>","protected":false},"excerpt":{"rendered":"<p>Impressum Angaben gem\u00e4\u00df \u00a7 5 TMG WELL Plus GmbHM\u00fcller-zu-Bruck-Str. 1283052 Bruckm\u00fchl Vertreten durch:Thomas Fahrh\u00f6fer, Gesch\u00e4ftsf\u00fchrer KontaktE-Mail: service@well-plus.io Amtsgericht TraunsteinHRB 34762 USt-ID\u00a0DE317104327 \u00a0 HAFTUNGSAUSSCHLUSSDiese Webseiten und die darauf bereitgestellten Informationen werden immer einer sorgf\u00e4ltigen \u00dcberpr\u00fcfung unterzogen und regelm\u00e4\u00dfig aktualisiert. Dennoch kann keine Garantie auf Vollst\u00e4ndigkeit, Richtigkeit oder Aktualit\u00e4t der Angaben gew\u00e4hrleistet werden. Dies beinhaltet vor allem [&hellip;]<\/p>\n","protected":false},"author":1,"featured_media":0,"parent":0,"menu_order":0,"comment_status":"closed","ping_status":"closed","template":"elementor_header_footer","meta":{"om_disable_all_campaigns":false,"_monsterinsights_skip_tracking":false,"_monsterinsights_sitenote_active":false,"_monsterinsights_sitenote_note":"","_monsterinsights_sitenote_category":0,"footnotes":""},"class_list":["post-1191","page","type-page","status-publish","hentry"],"aioseo_notices":[],"_links":{"self":[{"href":"https:\/\/www.well-plus.de\/es\/wp-json\/wp\/v2\/pages\/1191","targetHints":{"allow":["GET"]}}],"collection":[{"href":"https:\/\/www.well-plus.de\/es\/wp-json\/wp\/v2\/pages"}],"about":[{"href":"https:\/\/www.well-plus.de\/es\/wp-json\/wp\/v2\/types\/page"}],"author":[{"embeddable":true,"href":"https:\/\/www.well-plus.de\/es\/wp-json\/wp\/v2\/users\/1"}],"replies":[{"embeddable":true,"href":"https:\/\/www.well-plus.de\/es\/wp-json\/wp\/v2\/comments?post=1191"}],"version-history":[{"count":3,"href":"https:\/\/www.well-plus.de\/es\/wp-json\/wp\/v2\/pages\/1191\/revisions"}],"predecessor-version":[{"id":4096,"href":"https:\/\/www.well-plus.de\/es\/wp-json\/wp\/v2\/pages\/1191\/revisions\/4096"}],"wp:attachment":[{"href":"https:\/\/www.well-plus.de\/es\/wp-json\/wp\/v2\/media?parent=1191"}],"curies":[{"name":"wp","href":"https:\/\/api.w.org\/{rel}","templated":true}]}}