{"id":1191,"date":"2024-03-08T18:31:54","date_gmt":"2024-03-08T17:31:54","guid":{"rendered":"https:\/\/www.well-plus.io\/?page_id=1191"},"modified":"2026-02-10T12:18:56","modified_gmt":"2026-02-10T07:18:56","slug":"impressum","status":"publish","type":"page","link":"https:\/\/www.well-plus.de\/ar\/impressum\/","title":{"rendered":"\u0628\u0635\u0645\u0629"},"content":{"rendered":"<div data-elementor-type=\"wp-page\" data-elementor-id=\"1191\" class=\"elementor elementor-1191\" data-elementor-post-type=\"page\">\n\t\t\t\t<div class=\"elementor-element elementor-element-a63e736 e-flex e-con-boxed e-con e-parent\" data-id=\"a63e736\" data-element_type=\"container\" data-e-type=\"container\">\n\t\t\t\t\t<div class=\"e-con-inner\">\n\t\t<div class=\"elementor-element elementor-element-d2a847f e-flex e-con-boxed e-con e-child\" data-id=\"d2a847f\" data-element_type=\"container\" data-e-type=\"container\">\n\t\t\t\t\t<div class=\"e-con-inner\">\n\t\t\t\t<div class=\"elementor-element elementor-element-4a3aea3 elementor-widget elementor-widget-text-editor\" data-id=\"4a3aea3\" data-element_type=\"widget\" data-e-type=\"widget\" data-widget_type=\"text-editor.default\">\n\t\t\t\t<div class=\"elementor-widget-container\">\n\t\t\t\t\t\t\t\t\t<h3>\u0628\u0635\u0645\u0629<\/h3><p>\u0627\u0644\u0645\u0639\u0644\u0648\u0645\u0627\u062a \u0648\u0641\u0642\u064b\u0627 \u0644\u0644\u0641\u0642\u0631\u0629 5 \u0645\u0646 \u0627\u0644\u0642\u0627\u0646\u0648\u0646 \u0627\u0644\u0646\u0645\u0648\u0630\u062c\u064a \u0644\u0644\u062a\u062c\u0627\u0631\u0629 \u0627\u0644\u062f\u0648\u0644\u064a\u0629<\/p><p><strong>\u0634\u0631\u0643\u0629 WELL Plus GmbH<br \/><\/strong>M\u00fcller-zu-Bruck-Str. 12<br \/>83052 Bruckm\u00fchl<\/p><p>\u0645\u0645\u062b\u0644\u0629 \u0628\u0640:<br \/>\u062a\u0648\u0645\u0627\u0633 \u0641\u0647\u0631\u0647\u0648\u0641\u0631\u060c \u0627\u0644\u0645\u062f\u064a\u0631 \u0627\u0644\u0625\u062f\u0627\u0631\u064a<\/p><p>\u0627\u062a\u0635\u0644 \u0628\u0646\u0627<br \/>\u0627\u0644\u0628\u0631\u064a\u062f \u0627\u0644\u0625\u0644\u0643\u062a\u0631\u0648\u0646\u064a: service@well-plus.io<\/p><p>Amtsgericht Traunstein<br \/><span style=\"text-align: var(--text-align); background-color: var( --e-global-color-accent ); color: var( --e-global-color-primary ); font-family: var( --e-global-typography-text-font-family ), Sans-serif; font-size: var( --e-global-typography-text-font-size ); font-weight: var( --e-global-typography-text-font-weight ); letter-spacing: var( --e-global-typography-text-letter-spacing );\">HRB 34762<\/span><\/p><p>\u0645\u0639\u0631\u0651\u0641 \u0636\u0631\u064a\u0628\u0629 \u0627\u0644\u0642\u064a\u0645\u0629 \u0627\u0644\u0645\u0636\u0627\u0641\u0629\u00a0<span style=\"text-align: var(--text-align); background-color: var( --e-global-color-accent ); color: var( --e-global-color-primary ); font-family: var( --e-global-typography-text-font-family ), Sans-serif; font-size: var( --e-global-typography-text-font-size ); font-weight: var( --e-global-typography-text-font-weight ); letter-spacing: var( --e-global-typography-text-letter-spacing );\">DE31710104327<\/span><\/p><p><b style=\"text-align: var(--text-align); color: var( --e-global-color-primary ); font-family: var( --e-global-typography-text-font-family ), Sans-serif; font-size: var( --e-global-typography-text-font-size ); letter-spacing: var( --e-global-typography-text-letter-spacing ); background-color: var( --e-global-color-accent );\">\u00a0<\/b><\/p><p><b style=\"text-align: var(--text-align); color: var( --e-global-color-primary ); font-family: var( --e-global-typography-text-font-family ), Sans-serif; font-size: var( --e-global-typography-text-font-size ); letter-spacing: var( --e-global-typography-text-letter-spacing ); background-color: var( --e-global-color-accent );\">\u0625\u062e\u0644\u0627\u0621 \u0627\u0644\u0645\u0633\u0624\u0648\u0644\u064a\u0629<br \/><\/b><span style=\"text-align: var(--text-align); background-color: var( --e-global-color-accent ); color: var( --e-global-color-primary ); font-family: var( --e-global-typography-text-font-family ), Sans-serif; font-size: var( --e-global-typography-text-font-size ); font-weight: var( --e-global-typography-text-font-weight ); letter-spacing: var( --e-global-typography-text-letter-spacing );\">\u064a\u062a\u0645 \u062f\u0627\u0626\u0645\u064b\u0627 \u0641\u062d\u0635 \u0635\u0641\u062d\u0627\u062a \u0627\u0644\u0648\u064a\u0628 \u0647\u0630\u0647 \u0648\u0627\u0644\u0645\u0639\u0644\u0648\u0645\u0627\u062a \u0627\u0644\u0648\u0627\u0631\u062f\u0629 \u0641\u064a\u0647\u0627 \u0628\u0639\u0646\u0627\u064a\u0629 \u0648\u062a\u062d\u062f\u064a\u062b\u0647\u0627 \u0628\u0627\u0646\u062a\u0638\u0627\u0645. \u0648\u0645\u0639 \u0630\u0644\u0643\u060c \u0644\u0627 \u064a\u0645\u0643\u0646 \u062a\u0642\u062f\u064a\u0645 \u0623\u064a \u0636\u0645\u0627\u0646\u0627\u062a \u0628\u0623\u0646 \u0627\u0644\u0645\u0639\u0644\u0648\u0645\u0627\u062a \u0643\u0627\u0645\u0644\u0629 \u0623\u0648 \u0635\u062d\u064a\u062d\u0629 \u0623\u0648 \u0645\u062d\u062f\u0651\u062b\u0629. \u0648\u064a\u0634\u0645\u0644 \u0630\u0644\u0643 \u0639\u0644\u0649 \u0648\u062c\u0647 \u0627\u0644\u062e\u0635\u0648\u0635 \u0627\u0644\u0631\u0648\u0627\u0628\u0637 \u0627\u0644\u0645\u0628\u0627\u0634\u0631\u0629 \u0623\u0648 \u063a\u064a\u0631 \u0627\u0644\u0645\u0628\u0627\u0634\u0631\u0629 \u0644\u0645\u0648\u0627\u0642\u0639 \u0625\u0644\u0643\u062a\u0631\u0648\u0646\u064a\u0629 \u0623\u062e\u0631\u0649. \u0648\u0639\u0644\u0649 \u0627\u0644\u0631\u063a\u0645 \u0645\u0646 \u0627\u0644\u0641\u062d\u0635 \u0627\u0644\u062f\u0642\u064a\u0642 \u0644\u0644\u0645\u062d\u062a\u0648\u0649\u060c \u0641\u0625\u0646\u0646\u0627 \u0644\u0627 \u0646\u062a\u062d\u0645\u0644 \u0623\u064a \u0645\u0633\u0624\u0648\u0644\u064a\u0629 \u0639\u0646 \u0645\u062d\u062a\u0648\u0649 \u0627\u0644\u0631\u0648\u0627\u0628\u0637 \u0627\u0644\u062e\u0627\u0631\u062c\u064a\u0629.<\/span><\/p><p>\u0645\u0634\u063a\u0644\u0648 \u0627\u0644\u0635\u0641\u062d\u0627\u062a \u0627\u0644\u0645\u0631\u062a\u0628\u0637\u0629 \u0647\u0645 \u0648\u062d\u062f\u0647\u0645 \u0627\u0644\u0645\u0633\u0624\u0648\u0644\u0648\u0646 \u0639\u0646 \u0645\u062d\u062a\u0648\u0627\u0647\u0627. \u0625\u0630\u0627 \u0643\u0627\u0646 \u0644\u062f\u064a\u0643 \u0623\u064a \u0627\u0642\u062a\u0631\u0627\u062d\u0627\u062a \u0644\u0635\u0641\u062d\u0627\u062a\u0646\u0627 \u0623\u0648 \u0648\u062c\u062f\u062a \u0623\u064a \u062e\u0637\u0623\u060c \u064a\u0631\u062c\u0649 \u0625\u0631\u0633\u0627\u0644 \u0628\u0631\u064a\u062f \u0625\u0644\u0643\u062a\u0631\u0648\u0646\u064a \u0625\u0644\u064a\u0646\u0627.<\/p><p><b>\u0644\u0627 \u064a\u0648\u062c\u062f \u062a\u062d\u0630\u064a\u0631 \u0628\u062f\u0648\u0646 \u0627\u062a\u0635\u0627\u0644 \u0645\u0633\u0628\u0642!<\/b><br \/>\u0644\u0642\u062f \u0628\u0630\u0644\u0646\u0627 \u0642\u0635\u0627\u0631\u0649 \u062c\u0647\u062f\u0646\u0627 \u0644\u0625\u0646\u0634\u0627\u0621 \u0647\u0630\u0627 \u0627\u0644\u0645\u0648\u0642\u0639 \u0627\u0644\u0625\u0644\u0643\u062a\u0631\u0648\u0646\u064a \u0648\u0641\u0642\u064b\u0627 \u0644\u062c\u0645\u064a\u0639 \u0627\u0644\u0644\u0648\u0627\u0626\u062d \u0627\u0644\u0642\u0627\u0646\u0648\u0646\u064a\u0629. \u0648\u0645\u0639 \u0630\u0644\u0643\u060c \u0625\u0630\u0627 \u0644\u0627\u062d\u0638 \u0623\u064a \u0634\u062e\u0635 \u0623\u0646 \u0647\u0646\u0627\u0643 \u0634\u064a\u0626\u064b\u0627 \u0645\u0647\u0645\u064b\u0627 \u0645\u0641\u0642\u0648\u062f\u064b\u0627 \u0647\u0646\u0627\u060c \u0623\u0648 \u0623\u0646 \u0647\u0646\u0627\u0643 \u0627\u0646\u062a\u0647\u0627\u0643\u064b\u0627 \u0644\u062d\u0642\u0648\u0642 \u0627\u0644\u063a\u064a\u0631\u060c \u0623\u0648 \u0623\u0646 \u0627\u0644\u0623\u062d\u0643\u0627\u0645 \u0627\u0644\u0642\u0627\u0646\u0648\u0646\u064a\u0629 \u0644\u0645 \u064a\u062a\u0645 \u062a\u0646\u0641\u064a\u0630\u0647\u0627 \u0628\u0627\u0644\u0643\u0627\u0645\u0644 \u0623\u0648 \u0623\u0646 \u0647\u0646\u0627\u0643 \u0645\u0634\u0627\u0643\u0644 \u064a\u0645\u0643\u0646 \u0623\u0646 \u062a\u0646\u0634\u0623 \u0628\u0645\u0648\u062c\u0628 \u0642\u0627\u0646\u0648\u0646 \u0627\u0644\u0645\u0646\u0627\u0641\u0633\u0629\u060c \u0623\u0648\u062f \u0623\u0646 \u0623\u0637\u0644\u0628 \u0631\u0633\u0627\u0644\u0629 \u062a\u0648\u0636\u064a\u062d\u064a\u0629 \u0633\u0631\u064a\u0639\u0629 \u0648\u0645\u062c\u0627\u0646\u064a\u0629 \u0648\u0643\u0627\u0641\u064a\u0629 \u0645\u0639 \u0627\u0644\u0625\u0634\u0627\u0631\u0629 \u0625\u0644\u0649 \u0627\u0644\u0641\u0642\u0631\u0629 12 \u0645\u0646 \u0627\u0644\u0645\u0627\u062f\u0629 12 \u0645\u0646 \u0642\u0627\u0646\u0648\u0646 \u0627\u0644\u0639\u0645\u0644 \u0627\u0644\u0639\u0627\u0644\u0645\u064a.<\/p><p>\u0646\u062d\u0646 \u0646\u0636\u0645\u0646 \u0644\u0643 \u0625\u0632\u0627\u0644\u0629 \u0627\u0644\u0645\u0642\u0627\u0637\u0639 \u0623\u0648 \u0627\u0644\u0623\u062c\u0632\u0627\u0621 \u0627\u0644\u0645\u0639\u062a\u0631\u0636 \u0639\u0644\u064a\u0647\u0627 \u0628\u062d\u0642 \u0645\u0646 \u0635\u0641\u062d\u0627\u062a \u0627\u0644\u0648\u064a\u0628 \u0647\u0630\u0647 \u0641\u064a \u063a\u0636\u0648\u0646 \u0641\u062a\u0631\u0629 \u0632\u0645\u0646\u064a\u0629 \u0645\u0639\u0642\u0648\u0644\u0629 \u0623\u0648 \u062a\u0643\u064a\u064a\u0641\u0647\u0627 \u0645\u0639 \u0627\u0644\u0645\u062a\u0637\u0644\u0628\u0627\u062a \u0627\u0644\u0642\u0627\u0646\u0648\u0646\u064a\u0629 \u0639\u0644\u0649 \u0627\u0644\u0641\u0648\u0631\u060c \u062f\u0648\u0646 \u0627\u0644\u062d\u0627\u062c\u0629 \u0625\u0644\u0649 \u0625\u0634\u0631\u0627\u0643 \u0645\u062d\u0627\u0645\u064d. \u0625\u0646 \u0625\u0634\u0631\u0627\u0643 \u0645\u062d\u0627\u0645\u064d \u0644\u0625\u0635\u062f\u0627\u0631 \u062a\u062d\u0630\u064a\u0631 \u0644\u0645\u0634\u063a\u0644 \u0627\u0644\u0645\u0648\u0642\u0639 \u0627\u0644\u0625\u0644\u0643\u062a\u0631\u0648\u0646\u064a \u0645\u0642\u0627\u0628\u0644 \u0631\u0633\u0648\u0645 \u0644\u0627 \u064a\u062a\u0648\u0627\u0641\u0642 \u0645\u0639 \u0627\u0644\u0625\u0631\u0627\u062f\u0629 \u0627\u0644\u0641\u0639\u0644\u064a\u0629 \u0623\u0648 \u0627\u0644\u0645\u0641\u062a\u0631\u0636\u0629 \u0644\u0645\u0634\u063a\u0644 \u0627\u0644\u0645\u0648\u0642\u0639 \u0627\u0644\u0625\u0644\u0643\u062a\u0631\u0648\u0646\u064a\u060c \u0648\u0628\u0627\u0644\u062a\u0627\u0644\u064a \u0633\u064a\u0634\u0643\u0644 \u0627\u0646\u062a\u0647\u0627\u0643\u064b\u0627 \u0644\u0644\u0645\u0627\u062f\u0629 8 (4) \u0645\u0646 \u0642\u0627\u0646\u0648\u0646 \u0627\u0644\u0639\u0645\u0644 \u0627\u0644\u0639\u0627\u0644\u0645\u064a \u0628\u0633\u0628\u0628 \u0627\u0644\u0633\u0639\u064a \u0644\u062a\u062d\u0642\u064a\u0642 \u0623\u0647\u062f\u0627\u0641 \u063a\u064a\u0631 \u0630\u0627\u062a \u0635\u0644\u0629 \u0628\u0627\u0639\u062a\u0628\u0627\u0631\u0647\u0627 \u0627\u0644\u062f\u0627\u0641\u0639 \u0627\u0644\u0645\u0647\u064a\u0645\u0646 \u0644\u0628\u062f\u0621 \u0627\u0644\u0625\u062c\u0631\u0627\u0621\u0627\u062a\u060c \u0648\u0644\u0627 \u0633\u064a\u0645\u0627 \u0646\u064a\u0629 \u062a\u0648\u0644\u064a\u062f \u0627\u0644\u062a\u0643\u0627\u0644\u064a\u0641 \u0628\u0627\u0639\u062a\u0628\u0627\u0631\u0647\u0627 \u0627\u0644\u0642\u0648\u0629 \u0627\u0644\u062f\u0627\u0641\u0639\u0629 \u0627\u0644\u0641\u0639\u0644\u064a\u0629\u060c \u0641\u0636\u0644\u0627\u064b \u0639\u0646 \u0627\u0646\u062a\u0647\u0627\u0643 \u0648\u0627\u062c\u0628 \u062a\u0642\u0644\u064a\u0644 \u0627\u0644\u0623\u0636\u0631\u0627\u0631.<\/p><p>Bruckm\u00fchl, 10.02.2026<\/p>\t\t\t\t\t\t\t\t<\/div>\n\t\t\t\t<\/div>\n\t\t\t\t\t<\/div>\n\t\t\t\t<\/div>\n\t\t\t\t\t<\/div>\n\t\t\t\t<\/div>\n\t\t\t\t<\/div>","protected":false},"excerpt":{"rendered":"<p>Impressum Angaben gem\u00e4\u00df \u00a7 5 TMG WELL Plus GmbHM\u00fcller-zu-Bruck-Str. 1283052 Bruckm\u00fchl Vertreten durch:Thomas Fahrh\u00f6fer, Gesch\u00e4ftsf\u00fchrer KontaktE-Mail: service@well-plus.io Amtsgericht TraunsteinHRB 34762 USt-ID\u00a0DE317104327 \u00a0 HAFTUNGSAUSSCHLUSSDiese Webseiten und die darauf bereitgestellten Informationen werden immer einer sorgf\u00e4ltigen \u00dcberpr\u00fcfung unterzogen und regelm\u00e4\u00dfig aktualisiert. Dennoch kann keine Garantie auf Vollst\u00e4ndigkeit, Richtigkeit oder Aktualit\u00e4t der Angaben gew\u00e4hrleistet werden. Dies beinhaltet vor allem [&hellip;]<\/p>\n","protected":false},"author":1,"featured_media":0,"parent":0,"menu_order":0,"comment_status":"closed","ping_status":"closed","template":"elementor_header_footer","meta":{"om_disable_all_campaigns":false,"_monsterinsights_skip_tracking":false,"_monsterinsights_sitenote_active":false,"_monsterinsights_sitenote_note":"","_monsterinsights_sitenote_category":0,"footnotes":""},"class_list":["post-1191","page","type-page","status-publish","hentry"],"aioseo_notices":[],"_links":{"self":[{"href":"https:\/\/www.well-plus.de\/ar\/wp-json\/wp\/v2\/pages\/1191","targetHints":{"allow":["GET"]}}],"collection":[{"href":"https:\/\/www.well-plus.de\/ar\/wp-json\/wp\/v2\/pages"}],"about":[{"href":"https:\/\/www.well-plus.de\/ar\/wp-json\/wp\/v2\/types\/page"}],"author":[{"embeddable":true,"href":"https:\/\/www.well-plus.de\/ar\/wp-json\/wp\/v2\/users\/1"}],"replies":[{"embeddable":true,"href":"https:\/\/www.well-plus.de\/ar\/wp-json\/wp\/v2\/comments?post=1191"}],"version-history":[{"count":3,"href":"https:\/\/www.well-plus.de\/ar\/wp-json\/wp\/v2\/pages\/1191\/revisions"}],"predecessor-version":[{"id":4096,"href":"https:\/\/www.well-plus.de\/ar\/wp-json\/wp\/v2\/pages\/1191\/revisions\/4096"}],"wp:attachment":[{"href":"https:\/\/www.well-plus.de\/ar\/wp-json\/wp\/v2\/media?parent=1191"}],"curies":[{"name":"\u062f\u0628\u0644\u064a\u0648 \u0628\u064a","href":"https:\/\/api.w.org\/{rel}","templated":true}]}}